{"id":824,"date":"2023-08-09T16:29:23","date_gmt":"2023-08-09T14:29:23","guid":{"rendered":"https:\/\/klubdiabetikuzlin.cz\/?page_id=824"},"modified":"2023-09-09T11:52:11","modified_gmt":"2023-09-09T09:52:11","slug":"snidane","status":"publish","type":"page","link":"https:\/\/klubdiabetikuzlin.cz\/index.php\/snidane\/","title":{"rendered":"Sn\u00eddan\u011b"},"content":{"rendered":"\n    \n    <section class=\"u-clearfix u-section-2\" id=\"sec-d28e\">\n      <div class=\"u-clearfix u-sheet u-valign-middle u-sheet-1\">\n        <div class=\"u-clearfix u-expanded-width u-gutter-0 u-layout-wrap u-layout-wrap-1\">\n          <div class=\"u-layout\" style=\"\">\n            <div class=\"u-layout-row\" style=\"\">\n              <div class=\"u-align-center u-container-style u-layout-cell u-left-cell u-size-30 u-size-xs-60 u-white u-layout-cell-1\" src=\"\">\n                <div class=\"u-container-layout u-container-layout-1\"><span class=\"u-align-center-sm u-align-center-xs u-file-icon u-icon u-text-palette-1-light-1 u-icon-1\"><img decoding=\"async\" src=\"data:image\/png;base64,iVBORw0KGgoAAAANSUhEUgAAAIAAAACACAYAAADDPmHLAAAAAXNSR0IArs4c6QAAFz9JREFUeF7tXXuYHEW1\/53umk3CaxM1yuMiCH5GwiOABhSU4IcCislOT1zfXkC9wOWR7Yngk0\/XKyoIZHoW0Q9Fg4JXIWR6Eq5RFBUwVx4iAldF0YtIIl6JkgQSQna6+9yvZmdme3p7dqZmaja72a7\/duf0qVO\/+nV1VZ1TpwhJmdYI0LRufdJ4JAToAgn42v69\/JL33Khq2i7swl6NqlKV12lyQgCdaFZ0DTuZhQb4\/hAB\/izswiGNqlKV12lyQgCdaFZ0lfLW1cRYPqqabxZ28d2NqlKV12lyQgCdaALgob75fmD8EsAeIdVnCtv9dlxVqvKazU3mADoB5RX9swLD+yUDh4f0bjS3iENpcNVwtC5VeZ22VnUlI4BGVEs5yyHCQL1KerewCzfHVaMqr9HUmqqEAJpQ5RX9B\/iG978AZoRUrhS2+8HYoV9RXpOZY9QkBNCErO+kL2XQ50Iz\/z+ZgXkULV+1I64KVXlNZiYE6BaQnmPdBeCk0W8rnWfahesa1acq3y27kxFAE7KeY\/0fgJdV1ZmCDqYLC38ZhwBK8prMTEaAbgHpOZac5adqBNgiZsTN\/Ku\/q8p3y+5kBNCErOdYzwCYUyNAIF5My1fJ\/8UWVXlNZiYjQLeA9PPWI8w4sqafjDPEwOp1jepTle+W3ckIoAlZL5ceAtFFo+p4nbCLZzQcARTlNZmZjADdArKUy5xIxOsj+htuAavKd8vuZATQiKyXs+4EYVFI5TYz8I+h5Wv\/FFeNqrxGU0e\/VN1QOl118tXWq3wTvwIw6vsnvkMMFN8Sh4mqfDdwTUYAzah6ufRZIFoZVhuAjuuxC9JDOKaoyms2N\/EG6gZU6vNy1u0gnFrVzUAuZbuh+ID6WlXlddqcjAA60azo8vJWHxjFqmoC\/9q0i8c2XBEoyus0OSGATjQruniof64feE+HVP9T2O5LGlWlKq\/T5IQAOtGsEeCtM\/xg5gsh1cPCdsNu4rpaeUhNXqfJCQF0olklwIolr\/QN848h1U8J2z2g4QigKK\/T5IQAOtGs6PLzmYuYeSik+sfCdmuTwmiVqvI6TU4IoBNNGRR65al7+qk9fwPg4NFJID5q2u6VcVWpyms2N1kG6gbUczIrAT4rpHeHWcLBdIkbnhTWflaV121vMgJoRNTLpd8Dov8Mq2SmL6WyhY\/FVaMqr9HUmqqEAJpQrczkZVBobbJHwG+M3t6FdPYN4RVBuUZVeU1mjlGTEEATsl7eOhOMG0bV0XaTeSFl3Udj335FeU1mJgToFpCeY90CoL+qn4ErU7b70Ub1qcp3y+5kBNCErJezngDhoKq6gOk1PdnCgw0JoCivycxkBOgWkJ5jPQ9gVlW\/GYg9Gp0JkDKq8t2yOxkBuoXsFNGbEGCKdFS3zEwI0C1kp4jehABTpKO6ZWZCgG4hO0X0JgSYIh3VLTMTAnQL2SmiNyHAFOmobpmZEKBbyE4RvQkBpkhHdcvMaU8AL5c5A8Qyk0fDmL1uga9Z70YwnyOyxR+o6E0I4FgbAPyLCmiTWHaDsN2Xq9iXEMCxWAWwyS4rbFepT5WEJ3vj27HPSwjQDmx6n9npLD1KcPBGpnKGjSMA7AegF8DeAHoAbAb4OYDkMevHQLjXJF5Py4oyBKujEiWA6hvUUeUaHu7U\/l02AvA1S\/b3fHMZjUTRNMyk3QSjvwFYy8SrxH6pO+mdq3xVTDsFULU+3fKd2j\/hBOCht+7j+zMuA9G\/AZipEZCnQcbZ4+XliaurUwA12t+Wqk7tn1ACDK9IH2cY9N0O3vhmIG0UtntgM6Hw750CqFJXN2Q7tX\/CCFBa0fdGMozbw2FTIUC2AvQzouBODvA0wziaSH4a+BWKoP1V2K7Skq5TABXtUxZvZl+z35tVOCEE4GuWvtr3g3sAzA4bxITHKMAVJovvlsg\/zCD+LIC3ATCaGR73OwGfMW33P1Se7RRAlbrakW1mX7Pfm9WpjQAhQ+S6ehPAD4DoRnPzglv82Q\/\/CMApdZ0PXCF6eweHNz93qGnIjucMMO5RtZ0AfsllvcYOYiwDeM9RnfykWXp+Pl3yo+3NGj2VPgHNOnicZew2BjYS4VdgrDFnzS3SuV8rRbHpBgHq6mDgdwTMD\/+TCJcYO8TX\/ZmlLwB03jhvvDxRcytAq8zStp\/IzvXy1tlgXBv5lJSYsSiVdeUoo1SaAaykrAvCzexrfR+D\/gQOLhHZYi1ziTS36wQYiwmvAxnXg\/maRvvvBDwExvUG+DuULW6ROjiXPtgn4yqAl0Z0MhGfZw4Uv9YO\/s0AbkfnRD7TOgFGrGI58m5Z8EkaHAx2FQFuB+i0Bt\/wB5n50rBDg50l8zyY5xNwbuQyBqnCB+MckXW\/2S7o040AFRJcnrLdT2glQLUD+LpzUqWdm+YbAb4I4K2tdYwcnvAJ0y6sJgJzzjosID6FQe8C8IYGOrYB+KCw3VWt1REvtbsRoLqTKfMOlFKzjjCY3geic8a8PIS0GHDXaPsEROGVRAh2bLqHgdeM00E+CC4F\/NPAMA4kxqsAfj2A\/Zt06nqTjA\/SwOpwGpa2eLC7EiAMxnAufbRB9F\/hTy4DfxSz5h7eEQH4qsUv8VPiRAIfzaAjwHQgwHIjRh6Rkku+jvTH9OjjIBo0lxVukiNFWz0eeWiyE6CZfc1+rza3QoJ760YCpn7lDpLpTQMT8hLEPgaObnfNrtB5sqN\/DqLrzM3P3EKDd3oKzzYVbRXApoq6JNDMvma\/h83ynMw1AF8Y+t9NLRGAGeTnM4sBtgG8qUttjVVLwK8Y\/EVzy9Fudeaqs34VAHXW26quZvY1+73uUzCUeZ0RcG2pzMDvmxKglEufTIQrAXptq0Z3Q44YDweES1K2+2Od+lUA1Flvq7qa2dfs93A9Yy+pxnMNCcCX9\/f6M\/2rAZb33jWS82QaFCY8AMb9DDwaBMbmnlRpM0ozNjc6Hi3To8Dcaw6GvTmeEcwhGPMAWggOFgK0IHz3TgxQ3zZ7hm06\/\/ubWwVxPDkVAHXUp1uHqv1R+diOlXv3nh8UCDgszmA5LIP4RqPkf4cuvu0fOhslr1P1De\/tAP4VwOkARIz+DUFgZHqWr36g07pVAey0Pt3Pq9rflAAlJ3MSgeWSQUbj1I0gAL5nBv6nG12AoLtx\/OXMQb7H0rnz\/pjJ5jZmXpzKFu\/spF5VADupqxvPqto\/LgFKOev1RLgjcvO1tPueADTQKOd9NxpWP3lZeozBQR6MN0bqep6ZTk1lC\/\/drg2qALZbT7eeU7W\/IQHY6X+5D09eavDSemPpy+aslyyP8yR1q1FxennwZOHNnn0lgeRKJFyeNiEWkr3qyXbsUQWwnTq6+Yyq\/bEEGFnmWXJ2HXbZ+gCfK+ziN7rZAFXdFW\/g1wGYoWd\/Yg64b2lnc0gVQFV7uy2van8sAbx85r1g\/k7YWGJcaGZd6XaddMV30hcySHoTRwvR+8RAoS5LZyuGqwLYis6JlFG1fwwBeHDQ8OY8\/OjIPnylEG4VA24t591ENqjVury8tQqMd1Tl5aaG2LLgcNXNIlUAW7VvouRU7R9DgJGNHvpZyODnTYPm0bLCxolqRDv18NV9B\/qm8YdwYAiDFqXswt3t6Juqz3ROAMfKE2R4Va2sFLYrN38mffFy1g0gnDk6CrCTsovZSW+4RgM7JoCXt+4D47iaTUxvF9nC9zXa2DVV3oq+xTCMtaEK7hW2K93J06Z0TgDH2gSgdqGRmRL70QWr5N32k77I00W+b\/41ZOjTwnZfNukN12igDgLISNHadqu5ZXNKt8u1NkQP9vf4c0ppsHQl07GEcvxAKLK3LNlSNKsUlEEn\/o5NwyE8S8J25VnCMYWvWfwK3zMXASSdWwt4hPQvqvgd\/g7Qk0DwBBg\/NntSP5wqL4EOAshw6xpo5qy5Pd3Y9PFyVgaELwE4VO0FiI9mLRNg5Vkzva1bH6GR8\/0yCGWbsN3aFrZc4fi9Dy0B0QCAkxXqlTEI94H5CtMurmlnf0Ghro5EdRDgufBdt2Zp+16qsfXjtaC8zJz98OUEXNJJS6PRrFFdnEvPBgUvI3utXBlA+jQA\/hoB8zqpl4BHAhgfTdmr5ammSVd0EODv4e1f0\/QPoIvWPqWrpSXH+lKnnV\/7hAC1aNZG9pUvYerZ8wow\/l1jtBIz4Igt4uM0uCr8ydEFU9t6OiaA76QfZNAxVQuCwFiow80q9VWG\/dWR1pVAuJEZK4XAo3Sh+8\/w7\/xl68XecDCfDONsAB8Y4w6uRLPGfue\/csYcf7hnHYDXxU0DANxJoDsCxl2CzScAPINn4WM29vWC4YMMMk5iKkcyy5VEzPE0fsAUdHrU5rZ7T8ODHRPAc6zbAEj\/+0hhLBVZt9CpbSwnfLO930W++f8IiE\/vGSjKK9abluEVS19rGMEPAbw4NAqMRLNGjjnxtf37BiXvdgaOiigOAFppGv4KWrZG2tO0lM8yev4nQfSeKAHlPcBGT+kUXQEpTY1pItAxAUpOOhf2sLVzwDLORi+ffieYbg795geGsbBn2epfqzR6OJ9+jcF0X53zh6lfZAu31khRJpt\/N8DH140mwKOg4MOpgTW\/aAZU3O+V4+zSv1A\/cSXcb+7TuyjuMiiVtumQbdauaB1jtoJj7q8vCNuNHr9SttVzLAmcfINGCuF6MeDKpBDKxXMy1wP8odCDNwnblZ+HcomSeKQ+vsMcfj5dndA2A6rR7+WEFsGMW6KnmZiwIjXgfkS5MZofaNaupgQYHlp6jBEE4btt\/m4OuPu1uvThofShQWCcxuA3EPjVDJJpyvZpEtenAwZ5tk1e0yInsZGlJa8zjZ0ZWvYDucQtl2ZAjfd7OUzNLK0F05tDhgfMfEqnEUmdAtGsXU0JwLf0m\/5T5avO5aZIufgwFsywVz\/SyLjyM3\/z3wXGBQCf0GkjND\/\/grTLPEB8K5wzqBlQzX6vRNQ+FCYbEf7HWOYuaPVl0dzOlojdlACVt0PO1OX5\/JHRE\/Qp0y58Ic7g0lD6VAQ01On6uhtghHVK9zCYLkplCzLETUsp5TInEvFdkfnILvWdNCNuawTIZT4MYhllUyEAfmParkzZViuVaN08gLa+41p6oD0l15m9vbauCZuXS38bRLX5B4C7he0uas+0zp\/SQgBe0f8i3\/BkyrXalnBgGMdWZ+w81D\/XD0rrGh0OIeBBEBWDIPg5gV4EgiRT7ZMSauYTBP6Gz8Y6MBnRJV6cnMH+ATAMOeOP7vH\/lZm\/CYN+gQCnE5WPq8U7guSsveSdoSOEfeeKviNNw3g4dFaCzZTYf1f5DrQQoPIZWANgyegrj2+JrHuW7Hwv8O4m4NURvsr98ltNH5fSR9zH5G881DffD4z1AOZEZDeC6GPm5qO+JyN2WpXbmbeOMBm\/iAlR\/7ppvHAxLfvBs3WjlLNkng\/x+bh0M\/LQivC8k3SQwHMs2cYTQ+PjB4RdvKnz91ldgz4C5Je+DRyE4wCGTabDfApujnnzHw8Mel\/PsoI8bVou0jETbN1635iNGOYbzT388+jc2+SMvXW56xbv4e9IPQzwK0Ow+MQYaBarWMr3nUBsyBjHg+shpfvM3n1O7vRz4OfTn2GmwejLot59nT+hjQAyMtjLW78NnwaSb82Y00GMu0zfe0f0TSrlLIcI0utWK8T8STNblIkiaqVlubx1GTE+VacPdJ5pF2Rq96Zl5LPlyU\/HSfXC\/BVhFy9oqmAcgdKQtYgChA+k3CNsd5eshrQRQLbXc9IfAuj6hm2Xnb9VnBp1iJR97b6Qn4FaXAETPp8acC8N61KUk7duzxhlE31VDBTOV+m4yna0DHevIwEzTkll3Z+q6KprRy5ziE8czlP8uLBdRTd3u7XXP6dCgJFNrZlbQxqerTsbKNf33lOe9K\/XZfWqPPC46XnHx31DPcf6KgCZ7ata7jX3F2+I5u5tVa7kpK8iUHiXbYOZEvPpglUyLYxSqYwE94c\/BzJzmdiy4EjVCOJqxWWPY2rPkC20XdiFvZQM0ySsQoDhVo6He\/mMBeaoM4gDg04If\/NrYFyxZG9\/hik3kmp5f5mCE+X+e91b06rcyOFQGZE8uoognCUG3G+1i1llTiAnbqOEJ36XGCjKK9\/bKirAt1VBiw+p2DEmQQTzjbGngz3Hki7a0Q5grBFZNx1nk5e3+sAYzT1HuF8MuHVOmfLnpUW5krP0NELZA1gtm8ze3pd3OnHzHKtus6vT9bsK8C32ZVtirdpRSREjnWqh5TS\/YwwB5N6+H5BMvlT9jU34h1UjbaJWek76WoBq32Yi\/pg5UJShX3WlVbmSY32RgI\/XHib1b38ckjLzmE8Iu4PZZD6EskUZF6BcWgVeWbHiA63YEZskivCYmDn3iDEE8J3M+QyuHQmTuQBM222YHcRzLJlypBaA0ehwhoKcPKQyGr8Xcf0q4lMn7uesh5ggE1CUCxGfO9UTTDb0Yl7bv5c37B1JRO8FWKaJC2+kMYKgTyxfc9sYAkTduET0aXOg8LlGwHuOJWfDtQsfTPj7kr1WeugiI0DLcvJWkNqM2vQxr7rR1Enny2dLucwgEX8mpKfOrayiv5U3T0Vfu7JRO1rRw8AXUrZbXmLHjAD1IWLM\/KbxXJ6ek9kWDu02jRdmht2wVYPalkuJvduZ\/ccBUcqnTyGmkHOIHxB2cWEroMUQui5N3a66akaRAMxEl4vNR13aMFWs51gy5UstBEvnG9gO0DqfqaStl\/sL1bJJ2G4kH0JrNU61EaCcmt8PLpbDfriFcZ+A+nMCGt\/A1qDtnhSPLEXD\/oOdwnbburZmChBAHrDZQCzT68t08S9d21K6eM+xdoTX9CbznGrG7u51zcRo5pGo4WdCtT0vbDd6MmlijNFUS6dEjBkBMo+Hr2phxgnt5OHX1D6taiobQuF8QrtsC1dXwzomgIzwoYBuqNzVp8uu6aznCTCfr3qHb7uAdUwAz6l\/49s1JHkujAA\/KeziQROBiQYCWDISaN+JMHba1MH4i8i6kVgE\/a2P8+4J25U3rrZcZAzAmWDIT0BSNCFAxIPmQFHegNbVEufdS9lubHbXRoaUJ4HRVCtlYeazRbaYEKNJF\/pO+lIGhXdKt5o9w6+YiKNjcd49kS3KFLstlzIBpH\/bS+15f30cAG33Azp+xvLVv21Z2zQTrAzBfw57Tifs7R+5BWSMd0\/Yxehh3HF7pbYM3Lli6eGmEcjAiT2qT5QDJ0rbj9OZL2B34siuevvH9e7F3A04HuZ1+wCVLJyRG7joBmEX5FHtpIQQmOi3X55MasW7p9pJ5OUyZ4BYBloeoPpwIj+lEdgI5nPIc6wNGMmxk5Tph8AGSQDpHIneDTD9oJieLX6WSnnrD3V5gqcnENOy1eVzH55jyfj40ZvAmN8rssXvTktEdvNGx2SF\/wmVHOuzBHw61PbvCdsdzeyxm4MynZrnOZYMg69lgZfpgGg4lznWIA4nbSqZpjePLrpNbnAkZTdBoBLt\/fvw6S2ZCIQqZwLlGcBwQkVX2G4tYcRugsG0bUb5RhjHckHoq4IgN\/lStjtyd7DnpJcCVMu6Jf9HTFkzW3CmLWq7UcP9vHUxs7z8M1SYLZEtFkd8ASNXw66P5PthAj5i2m5uN8Ji2jXFz1nLmXBVJAJ8vbDd8g1sta1gzqUP9omkL2BuBKW1JvNAuydoph3ik6TB5ZPYQSoP5sURk542BR1HFxb+UkcA+Ufl0kh5nDqajsUDowDi28wguBf+C39LHESTpKcrZkiPLnr23t9n\/3iAZKYXK+bW1Z0MvDllu\/KgbLmMCQqtZMKSLsVpdfHC5OrOrljzD2bujx7yaXB3sEz4kLppEuYA7Aoy00DpelPQ+6vDfri9414fL7N9M+GyRpdITwPgpnQT5VKPmD8lZ\/uNGjIuAaoPyQAE00AfM53EwH4EHBi+ZGJKo7T7GD9yEgh4ioC7fQNrepa5Mp3duOX\/AWtzJf7Cya70AAAAAElFTkSuQmCC\" alt=\"\"><\/span>\n                  <h2 class=\"u-align-center-sm u-align-center-xs u-text u-text-default u-text-1\">Sn\u00eddan\u011b<\/h2>\n                <\/div>\n              <\/div>\n              <div class=\"u-align-center u-container-style u-image u-layout-cell u-right-cell u-size-30 u-size-xs-60 u-image-1\" src=\"\" data-image-width=\"5602\" data-image-height=\"3701\" style=\"background-image: url(&quot;https:\/\/klubdiabetikuzlin.cz\/wp-content\/uploads\/2023\/08\/1-0.jpeg&quot;);\">\n                <div class=\"u-container-layout u-valign-middle u-container-layout-2\" src=\"\"><\/div>\n              <\/div>\n            <\/div>\n          <\/div>\n        <\/div>\n      <\/div>\n    <\/section>\n    <section class=\"u-align-center u-clearfix u-section-3\" id=\"sec-63f4\">\n      <div class=\"u-clearfix u-sheet u-valign-bottom u-sheet-1\">\n        <div class=\"u-clearfix u-expanded-width u-layout-wrap u-layout-wrap-1\">\n          <div class=\"u-layout\">\n            <div class=\"u-layout-row\">\n              <div class=\"u-container-style u-layout-cell u-palette-2-light-2 u-size-20 u-layout-cell-1\">\n                <div class=\"u-container-layout u-valign-top u-container-layout-1\">\n                  <p class=\"u-text u-text-1\">&nbsp; &nbsp; &nbsp; &nbsp; &nbsp; &nbsp; &nbsp; &nbsp; Co je zdrav\u00e1 sn\u00eddan\u011b? <br>\n                    <br>Jsou to sn\u00eddan\u011b, kter\u00e1 obsahuj\u00ed dostate\u010dn\u00e1 mno\u017estv\u00ed\nminer\u00e1l\u016f, stopov\u00fdch prvk\u016f, vitam\u00edn\u016f, antioxidant\u016f, pomal\u00fdch celozrnn\u00fdch\nsacharid\u016f, enzym\u016f, zdrav\u00fdch rostlinn\u00fdch tuk\u016f a tak\u00e9 obsahuj\u00ed komplexn\u00ed\nrostlinn\u00e9 b\u00edlkoviny, vl\u00e1kninu a vodu. Ide\u00e1ln\u00ed by bylo, aby v\u0161echny suroviny ve\nsn\u00eddani byly bezlepkov\u00e9, rostlinn\u00e9 a p\u0159\u00edrodn\u00ed (raw nebo pr\u016fmyslov\u011b a tepeln\u011b\nnezpracovan\u00e9).\n                  <\/p>\n                <\/div>\n              <\/div>\n              <div class=\"u-container-style u-layout-cell u-palette-4-light-2 u-size-20 u-layout-cell-2\">\n                <div class=\"u-container-layout u-container-layout-2\">\n                  <p class=\"u-text u-text-default u-text-2\"> &nbsp; &nbsp; &nbsp; &nbsp; &nbsp; &nbsp; &nbsp;<b>Co by m\u011bla obsahovat<\/b>\n                    <br><b>&nbsp; &nbsp; &nbsp; &nbsp; &nbsp; &nbsp; ide\u00e1ln\u00ed zdrav\u00e1 sn\u00eddan\u011b?<\/b>\n                    <br>\n                    <br><b>- voda<\/b>&nbsp;(\u010dist\u00e1, nesycen\u00e1, neslazen\u00e1, bez\n     chl\u00f3ru)<br><b>- \u010daj<\/b>&nbsp;(zelen\u00fd nebo bylinn\u00fd, proto\u017ee jsou\n     bohat\u00e9 na miner\u00e1ly)<br><b>- rostlinn\u00e9 ml\u00e9ko<\/b>&nbsp;(s\u00f3jov\u00e9,\n     r\u00fd\u017eov\u00e9, kokosov\u00e9, mandlov\u00e9)<br><b>- rostlinn\u00fd s\u00fdr<\/b>&nbsp;(tofu)<br><b>- syrov\u00e9 ovoce<\/b>&nbsp;(plodov\u00e9, bobulov\u00e9, peckov\u00e9,\n     citrusov\u00e9)<br><b>- syrov\u00e1 zelenina<\/b>&nbsp;(plodov\u00e1,\n     ko\u0159enov\u00e1, listov\u00e1)<br><b>- chl\u00e9b z celozrnn\u00e9 mouky<\/b>&nbsp;(celozrnn\u00e1\n     \u017eitn\u00e1, celozrnn\u00e1 p\u0161eni\u010dn\u00e1, celozrnn\u00e1 \u0161paldov\u00e1) - pokud nem\u00e1te celiakii<br><b>- ka\u0161e z bezlepkov\u00fdch aktivovan\u00fdch - ---- obilovin<\/b>&nbsp;( j\u00e1hly, pohanka, amarant) - pokud m\u00e1te celiakii<br><b>- syrov\u00e1 aktivovan\u00e1 semena<\/b>&nbsp;(len,\n     d\u00fdn\u011b, slune\u010dnice, chia, sezam, m\u00e1k, km\u00edn...)<br><b>- syrov\u00e9 aktivovan\u00e9 o\u0159echy<\/b>&nbsp;(mandle,\n     vla\u0161sk\u00e9 o\u0159echy, l\u00edskov\u00e9 o\u0159\u00ed\u0161ky, ke\u0161u, piniov\u00e9 o\u0159echy, p\u00e1ra o\u0159echy ...)<br><b>- va\u0159en\u00e9 lu\u0161t\u011bniny<\/b>&nbsp;(s\u00f3ja,\n     fazole, hr\u00e1ch, cizrna, \u010do\u010dka)<br><b>- pochutiny<\/b>&nbsp;(him\u00e1lajsk\u00e1 s\u016fl, \u010dekankov\u00fd sirup,\n     bourbonsk\u00fd cukr, sko\u0159ice, kakao, kakaov\u00e9 boby, kokos)<br><b>- bylinky<\/b>&nbsp;(rozmar\u00fdn, oregano, tymi\u00e1n, bazalka,\n     petr\u017eelka, mo\u0159sk\u00e9 \u0159asy, chlorela, zelen\u00fd je\u010dmen)\n                  <\/p>\n                <\/div>\n              <\/div>\n              <div class=\"u-align-left u-container-style u-layout-cell u-palette-1-light-3 u-size-20 u-layout-cell-3\">\n                <div class=\"u-container-layout u-container-layout-3\">\n                  <p class=\"u-text u-text-default u-text-3\"> &nbsp; &nbsp; &nbsp; &nbsp; &nbsp;<b>Pro\u010d by zdrav\u00e1 sn\u00eddan\u011b nem\u011bla&nbsp;<\/b>\n                    <br><b>&nbsp; &nbsp; &nbsp; neobsahovat\n\u017eivo\u010di\u0161n\u00e9 b\u00edlkoviny?<\/b>\n                    <br>\n                    <br>- \u017divo\u010di\u0161n\u00e9 b\u00edlkoviny&nbsp;<b>zp\u016fsobuj\u00ed z\u00e1n\u011bty<\/b>&nbsp;v t\u011ble, zejm\u00e9na\n     z\u00e1n\u011bty endotelu c\u00e9v s n\u00e1sledkem vzniku srde\u010dn\u011b-c\u00e9vn\u00edch onemocn\u011bn\u00ed.<br>- \u017divo\u010di\u0161n\u00e9 b\u00edlkoviny&nbsp;<b>zvy\u0161uj\u00ed hladinu cholesterolu<\/b>&nbsp;v\n     krvi, kornat\u011bn\u00ed c\u00e9v a zp\u016fsobuj\u00ed stavbu nekvalitn\u00edch svalov\u00fdch vl\u00e1ken.<br>- \u017divo\u010di\u0161n\u00e9 b\u00edlkoviny&nbsp;<b>vytv\u00e1\u0159ej\u00ed p\u0159i tr\u00e1ven\u00ed kyseliny<\/b>,\n     n\u00e1sledkem \u010deho\u017e doch\u00e1z\u00ed k odv\u00e1pn\u011bn\u00ed organismu, k tvorb\u011b usazenin, k otok\u016fm\n     t\u011bla ak n\u00e1r\u016fstu objemu tukov\u00e9 hmoty.\n                  <\/p>\n                <\/div>\n              <\/div>\n            <\/div>\n          <\/div>\n        <\/div>\n      <\/div>\n    <\/section>\n    <section class=\"u-clearfix u-grey-10 u-section-4\" id=\"sec-ed96\">\n      <div class=\"u-clearfix u-sheet u-sheet-1\">\n        <div class=\"u-blog u-expanded-width u-blog-1 u-hidden-visibility\" >\n          <div class=\"u-repeater u-repeater-1\">\n            <div class=\"u-blog-post u-container-style u-repeater-item u-white u-repeater-item-1\">\n              <div class=\"u-container-layout u-similar-container u-container-layout-1\"><a class=\"u-blog-control u-expanded-width u-image u-image-default u-image-1\" href=\"https:\/\/klubdiabetikuzlin.cz\/index.php\/zdrava-snidane\/\">\n                <img decoding=\"async\" alt=\"\" class=\"u-blog-control u-expanded-width u-image u-image-default u-image-1\" src=\"https:\/\/klubdiabetikuzlin.cz\/wp-content\/uploads\/2023\/09\/P1180895-insta.jpg\"><\/a>\n                <h4 class=\"u-align-center-lg u-align-center-md u-align-center-sm u-align-center-xs u-align-left-xl u-blog-control u-text u-text-1\">\n                  <a class=\"u-post-header-link\" href=\"https:\/\/klubdiabetikuzlin.cz\/index.php\/zdrava-snidane\/\">Zdrav\u00e1 sn\u00eddan\u011b<\/a>\n                <\/h4>\n                <div class=\"u-align-center-sm u-align-center-xs u-align-left-lg u-align-left-md u-align-left-xl u-blog-control u-post-content u-text u-text-2\"><p>\n\n\nCo je zdrav\u00e1 sn\u00eddan\u011b?\n\n\n\nJsou to sn\u00eddan\u011b, kter\u00e1 obsahuj\u00ed dostate\u010dn\u00e1 mno\u017estv\u00ed miner\u00e1l\u016f, stopov\u00fdch prvk\u016f, vitam\u00edn\u016f, antioxidant\u016f, pomal\u00fdch &hellip;<\/p>\n                <\/div>\n                <a href=\"https:\/\/klubdiabetikuzlin.cz\/index.php\/zdrava-snidane\/\" class=\"u-blog-control u-btn u-button-style u-btn-1\">Recept<\/a>\n              <\/div>\n            <\/div>\n          <\/div>\n        <\/div>\n      <\/div>\n    <\/section>\n    \n    \n    \n  \n","protected":false},"excerpt":{"rendered":"<p>Sn\u00eddan\u011b &nbsp; &nbsp; &nbsp; &nbsp; &nbsp; &nbsp; &nbsp; &nbsp; Co je zdrav\u00e1 sn\u00eddan\u011b? Jsou to sn\u00eddan\u011b, kter\u00e1 obsahuj\u00ed dostate\u010dn\u00e1 mno\u017estv\u00ed miner\u00e1l\u016f, stopov\u00fdch prvk\u016f, vitam\u00edn\u016f, antioxidant\u016f, pomal\u00fdch celozrnn\u00fdch sacharid\u016f, enzym\u016f, zdrav\u00fdch rostlinn\u00fdch tuk\u016f a tak\u00e9 obsahuj\u00ed komplexn\u00ed rostlinn\u00e9 b\u00edlkoviny, vl\u00e1kninu a vodu. Ide\u00e1ln\u00ed by bylo, aby v\u0161echny suroviny ve sn\u00eddani byly bezlepkov\u00e9, rostlinn\u00e9 a p\u0159\u00edrodn\u00ed (raw &hellip; <a href=\"https:\/\/klubdiabetikuzlin.cz\/index.php\/snidane\/\" class=\"more-link\">Continue reading<span class=\"screen-reader-text\"> &#8222;Sn\u00eddan\u011b&#8220;<\/span><\/a><\/p>\n","protected":false},"author":1,"featured_media":0,"parent":0,"menu_order":0,"comment_status":"closed","ping_status":"closed","template":"","meta":{"footnotes":""},"class_list":["post-824","page","type-page","status-publish","hentry"],"_links":{"self":[{"href":"https:\/\/klubdiabetikuzlin.cz\/index.php\/wp-json\/wp\/v2\/pages\/824","targetHints":{"allow":["GET"]}}],"collection":[{"href":"https:\/\/klubdiabetikuzlin.cz\/index.php\/wp-json\/wp\/v2\/pages"}],"about":[{"href":"https:\/\/klubdiabetikuzlin.cz\/index.php\/wp-json\/wp\/v2\/types\/page"}],"author":[{"embeddable":true,"href":"https:\/\/klubdiabetikuzlin.cz\/index.php\/wp-json\/wp\/v2\/users\/1"}],"replies":[{"embeddable":true,"href":"https:\/\/klubdiabetikuzlin.cz\/index.php\/wp-json\/wp\/v2\/comments?post=824"}],"version-history":[{"count":10,"href":"https:\/\/klubdiabetikuzlin.cz\/index.php\/wp-json\/wp\/v2\/pages\/824\/revisions"}],"predecessor-version":[{"id":1038,"href":"https:\/\/klubdiabetikuzlin.cz\/index.php\/wp-json\/wp\/v2\/pages\/824\/revisions\/1038"}],"wp:attachment":[{"href":"https:\/\/klubdiabetikuzlin.cz\/index.php\/wp-json\/wp\/v2\/media?parent=824"}],"curies":[{"name":"wp","href":"https:\/\/api.w.org\/{rel}","templated":true}]}}