{"id":497,"date":"2023-05-08T19:08:03","date_gmt":"2023-05-08T17:08:03","guid":{"rendered":"https:\/\/klubdiabetikuzlin.cz\/?page_id=497"},"modified":"2023-05-08T19:13:01","modified_gmt":"2023-05-08T17:13:01","slug":"fotogalerie","status":"publish","type":"page","link":"https:\/\/klubdiabetikuzlin.cz\/index.php\/fotogalerie\/","title":{"rendered":"Fotogalerie"},"content":{"rendered":"\n    \n    <section class=\"u-clearfix u-white u-section-2\" id=\"sec-b3c5\">\n      <div class=\"u-clearfix u-sheet u-valign-middle-md u-valign-middle-sm u-valign-middle-xs u-sheet-1\">\n        <h1 class=\"u-align-center u-text u-text-default u-text-1\">Fotogalerie<\/h1>\n        <div class=\"u-blog u-expanded-width u-blog-1 u-hidden-visibility\" >\n          <div class=\"u-repeater u-repeater-1\">\n            <div data-href=\"https:\/\/klubdiabetikuzlin.cz\/index.php\/cvicime-s-radosti\/\" class=\"u-blog-control u-blog-post u-container-style u-image u-repeater-item u-image-1\" style=\"background-image: url(https:\/\/klubdiabetikuzlin.cz\/wp-content\/uploads\/2026\/02\/20251115_115230-rotated.jpg);\">\n              <div class=\"u-container-layout u-similar-container u-container-layout-1\">\n                <div class=\"u-container-align-center u-container-style u-expanded-width u-group u-video-cover u-white u-group-1\">\n                  <div class=\"u-container-layout u-container-layout-2\">\n                    <h4 class=\"u-align-center u-blog-control u-text u-text-2\">\n                      <a class=\"u-post-header-link\" href=\"https:\/\/klubdiabetikuzlin.cz\/index.php\/cvicime-s-radosti\/\">CVI\u010c\u00cdME S RADOST\u00cd<\/a>\n                    <\/h4>\n                    <div class=\"u-align-center u-blog-control u-post-content u-text u-text-3\">D\u011bkujeme Magistr\u00e1tu m\u011bsta Zl\u00edna a Krajsk\u00e9mu \u00fa\u0159adu Zl\u00edn za dotace na cvi\u010den\u00ed a plav\u00e1n\u00ed ve vod\u011b\n                    <\/div>\n                  <\/div>\n                <\/div>\n              <\/div>\n            <\/div>\n            <div data-href=\"https:\/\/klubdiabetikuzlin.cz\/index.php\/vylet-do-zoo-2025\/\" class=\"u-blog-control u-blog-post u-container-style u-image u-repeater-item u-image-1\" style=\"background-image: url(https:\/\/klubdiabetikuzlin.cz\/wp-content\/uploads\/2026\/02\/20250527_135600-rotated.jpg);\">\n              <div class=\"u-container-layout u-similar-container u-container-layout-1\">\n                <div class=\"u-container-align-center u-container-style u-expanded-width u-group u-video-cover u-white u-group-1\">\n                  <div class=\"u-container-layout u-container-layout-2\">\n                    <h4 class=\"u-align-center u-blog-control u-text u-text-2\">\n                      <a class=\"u-post-header-link\" href=\"https:\/\/klubdiabetikuzlin.cz\/index.php\/vylet-do-zoo-2025\/\">V\u00fdlet do ZOO 2025<\/a>\n                    <\/h4>\n                    <div class=\"u-align-center u-blog-control u-post-content u-text u-text-3\"><p>\n\n\n\n\n\n\n\n\n\n\n\n\n\n\n\n\n\n\n\n\n\n\n\n\n\n\n\n\n\n\n\n\n\n\n\n\n\n<\/p>\n                    <\/div>\n                  <\/div>\n                <\/div>\n              <\/div>\n            <\/div>\n            <div data-href=\"https:\/\/klubdiabetikuzlin.cz\/index.php\/rekondice-bahenec-2025\/\" class=\"u-blog-control u-blog-post u-container-style u-image u-repeater-item u-image-1\" style=\"background-image: url(https:\/\/klubdiabetikuzlin.cz\/wp-content\/uploads\/2026\/02\/Obrazek-WhatsApp-2025-10-02-v-18.37.28_d40f063f.jpg);\">\n              <div class=\"u-container-layout u-similar-container u-container-layout-1\">\n                <div class=\"u-container-align-center u-container-style u-expanded-width u-group u-video-cover u-white u-group-1\">\n                  <div class=\"u-container-layout u-container-layout-2\">\n                    <h4 class=\"u-align-center u-blog-control u-text u-text-2\">\n                      <a class=\"u-post-header-link\" href=\"https:\/\/klubdiabetikuzlin.cz\/index.php\/rekondice-bahenec-2025\/\">Rekondice Bahenec 2025<\/a>\n                    <\/h4>\n                    <div class=\"u-align-center u-blog-control u-post-content u-text u-text-3\">D\u011bkujeme Krajsk\u00e9mu \u00fa\u0159adu Zl\u00edn a Magistr\u00e1tu m\u011bsta Zl\u00edna za dotace na rekondici\n                    <\/div>\n                  <\/div>\n                <\/div>\n              <\/div>\n            <\/div>\n            <div data-href=\"https:\/\/klubdiabetikuzlin.cz\/index.php\/oslava-narozenin\/\" class=\"u-blog-control u-blog-post u-container-style u-image u-repeater-item u-image-1\" style=\"background-image: url(https:\/\/klubdiabetikuzlin.cz\/wp-content\/uploads\/2026\/02\/20250402_144624-rotated.jpg);\">\n              <div class=\"u-container-layout u-similar-container u-container-layout-1\">\n                <div class=\"u-container-align-center u-container-style u-expanded-width u-group u-video-cover u-white u-group-1\">\n                  <div class=\"u-container-layout u-container-layout-2\">\n                    <h4 class=\"u-align-center u-blog-control u-text u-text-2\">\n                      <a class=\"u-post-header-link\" href=\"https:\/\/klubdiabetikuzlin.cz\/index.php\/oslava-narozenin\/\">Oslava narozenin<\/a>\n                    <\/h4>\n                    <div class=\"u-align-center u-blog-control u-post-content u-text u-text-3\"><p>\n\n\n\n\n\n\n\n\n\n\n\n\n\n\n\n\n\n\n\n\n\n\n\n\n\n\n\n\n\n\n\n\n\n\n\n\n\n\n\n\n\n<\/p>\n                    <\/div>\n                  <\/div>\n                <\/div>\n              <\/div>\n            <\/div>\n            <div data-href=\"https:\/\/klubdiabetikuzlin.cz\/index.php\/vanocni-schuze-2025\/\" class=\"u-blog-control u-blog-post u-container-style u-image u-repeater-item u-image-1\" style=\"background-image: url(https:\/\/klubdiabetikuzlin.cz\/wp-content\/uploads\/2026\/02\/20251210_144530-rotated.jpg);\">\n              <div class=\"u-container-layout u-similar-container u-container-layout-1\">\n                <div class=\"u-container-align-center u-container-style u-expanded-width u-group u-video-cover u-white u-group-1\">\n                  <div class=\"u-container-layout u-container-layout-2\">\n                    <h4 class=\"u-align-center u-blog-control u-text u-text-2\">\n                      <a class=\"u-post-header-link\" href=\"https:\/\/klubdiabetikuzlin.cz\/index.php\/vanocni-schuze-2025\/\">V\u00e1no\u010dn\u00ed sch\u016fze 2025<\/a>\n                    <\/h4>\n                    <div class=\"u-align-center u-blog-control u-post-content u-text u-text-3\"><p>\n\n\n\n\n\n\n\n\n\n\n\n\n\n\n\n\n\n\n\n\n\n\n\n\n\n\n\n\n\n\n\n\n\n\n\n\n\n\n\n\n\n\n\n\n\n\n\n\n\n\n\n<\/p>\n                    <\/div>\n                  <\/div>\n                <\/div>\n              <\/div>\n            <\/div>\n            <div data-href=\"https:\/\/klubdiabetikuzlin.cz\/index.php\/vylet-vizovice-2025\/\" class=\"u-blog-control u-blog-post u-container-style u-image u-repeater-item u-image-1\" style=\"background-image: url(https:\/\/klubdiabetikuzlin.cz\/wp-content\/uploads\/2026\/02\/20251108_131931-rotated.jpg);\">\n              <div class=\"u-container-layout u-similar-container u-container-layout-1\">\n                <div class=\"u-container-align-center u-container-style u-expanded-width u-group u-video-cover u-white u-group-1\">\n                  <div class=\"u-container-layout u-container-layout-2\">\n                    <h4 class=\"u-align-center u-blog-control u-text u-text-2\">\n                      <a class=\"u-post-header-link\" href=\"https:\/\/klubdiabetikuzlin.cz\/index.php\/vylet-vizovice-2025\/\">V\u00fdlet Vizovice 2025<\/a>\n                    <\/h4>\n                    <div class=\"u-align-center u-blog-control u-post-content u-text u-text-3\"><p>\n\n\n\n\n\n\n\n\n\n\n\n\n\n\n\n\n\n\n\n\nV\u00fdlet do z\u00e1mku Vizovice a n\u00e1v\u0161t\u011bva v\u00fdstavy a obchodu s v\u00e1no\u010dn\u00edmi ozdobami\n<\/p>\n                    <\/div>\n                  <\/div>\n                <\/div>\n              <\/div>\n            <\/div>\n            <div data-href=\"https:\/\/klubdiabetikuzlin.cz\/index.php\/lednice-2024\/\" class=\"u-blog-control u-blog-post u-container-style u-image u-repeater-item u-image-1\" style=\"background-image: url(https:\/\/klubdiabetikuzlin.cz\/wp-content\/uploads\/2025\/03\/lednice-2024-3.jpg);\">\n              <div class=\"u-container-layout u-similar-container u-container-layout-1\">\n                <div class=\"u-container-align-center u-container-style u-expanded-width u-group u-video-cover u-white u-group-1\">\n                  <div class=\"u-container-layout u-container-layout-2\">\n                    <h4 class=\"u-align-center u-blog-control u-text u-text-2\">\n                      <a class=\"u-post-header-link\" href=\"https:\/\/klubdiabetikuzlin.cz\/index.php\/lednice-2024\/\">Lednice 2024<\/a>\n                    <\/h4>\n                    <div class=\"u-align-center u-blog-control u-post-content u-text u-text-3\">D\u011bkujeme za sponzorsk\u00fd dar od Statut\u00e1rn\u00edho m\u011bsta Zl\u00edna a Zl\u00ednsk\u00e9ho kraje\n                    <\/div>\n                  <\/div>\n                <\/div>\n              <\/div>\n            <\/div>\n            <div data-href=\"https:\/\/klubdiabetikuzlin.cz\/index.php\/vanocni-setkani-s-tombolou-2023\/\" class=\"u-blog-control u-blog-post u-container-style u-image u-repeater-item u-image-1\" style=\"background-image: url(https:\/\/klubdiabetikuzlin.cz\/wp-content\/uploads\/2024\/04\/IMG-20231213-WA0006-2.jpg);\">\n              <div class=\"u-container-layout u-similar-container u-container-layout-1\">\n                <div class=\"u-container-align-center u-container-style u-expanded-width u-group u-video-cover u-white u-group-1\">\n                  <div class=\"u-container-layout u-container-layout-2\">\n                    <h4 class=\"u-align-center u-blog-control u-text u-text-2\">\n                      <a class=\"u-post-header-link\" href=\"https:\/\/klubdiabetikuzlin.cz\/index.php\/vanocni-setkani-s-tombolou-2023\/\">V\u00e1no\u010dn\u00ed setk\u00e1n\u00ed s tombolou 2023<\/a>\n                    <\/h4>\n                    <div class=\"u-align-center u-blog-control u-post-content u-text u-text-3\"><p>\n\n\n\n\n\n\n\n\n\n\n\n\n\n\n\n\n\n\n\n\n\n\n\n\n\n\n\n\n\n\n\n\n\n\n\n\n\n\n\n\n\n\n\n\n\n\n\n\n\n\n\n\n\n\n\n\n\n<\/p>\n                    <\/div>\n                  <\/div>\n                <\/div>\n              <\/div>\n            <\/div>\n            <div data-href=\"https:\/\/klubdiabetikuzlin.cz\/index.php\/bystrice-pod-hostynem\/\" class=\"u-blog-control u-blog-post u-container-style u-image u-repeater-item u-image-1\" style=\"background-image: url(https:\/\/klubdiabetikuzlin.cz\/wp-content\/uploads\/2023\/06\/20220426_145438-bystric-pod-hostynem-rotated.jpg);\">\n              <div class=\"u-container-layout u-similar-container u-container-layout-1\">\n                <div class=\"u-container-align-center u-container-style u-expanded-width u-group u-video-cover u-white u-group-1\">\n                  <div class=\"u-container-layout u-container-layout-2\">\n                    <h4 class=\"u-align-center u-blog-control u-text u-text-2\">\n                      <a class=\"u-post-header-link\" href=\"https:\/\/klubdiabetikuzlin.cz\/index.php\/bystrice-pod-hostynem\/\">Byst\u0159ice pod Host\u00fdnem 2023<\/a>\n                    <\/h4>\n                    <div class=\"u-align-center u-blog-control u-post-content u-text u-text-3\">D\u011bkujeme za sponzorsk\u00fd dar od Statut\u00e1rn\u00edho m\u011bsta Zl\u00edna a Zl\u00ednsk\u00e9ho kraje\n                    <\/div>\n                  <\/div>\n                <\/div>\n              <\/div>\n            <\/div>\n            <div data-href=\"https:\/\/klubdiabetikuzlin.cz\/index.php\/prednaska-18-10-2023\/\" class=\"u-blog-control u-blog-post u-container-style u-image u-repeater-item u-image-1\" style=\"background-image: url(https:\/\/klubdiabetikuzlin.cz\/wp-content\/uploads\/2023\/10\/prednaska-18.10.2023-3-rotated.jpg);\">\n              <div class=\"u-container-layout u-similar-container u-container-layout-1\">\n                <div class=\"u-container-align-center u-container-style u-expanded-width u-group u-video-cover u-white u-group-1\">\n                  <div class=\"u-container-layout u-container-layout-2\">\n                    <h4 class=\"u-align-center u-blog-control u-text u-text-2\">\n                      <a class=\"u-post-header-link\" href=\"https:\/\/klubdiabetikuzlin.cz\/index.php\/prednaska-18-10-2023\/\">P\u0159edn\u00e1\u0161ka 18.10.2023<\/a>\n                    <\/h4>\n                    <div class=\"u-align-center u-blog-control u-post-content u-text u-text-3\"><p>\n\n\n\n\n\n\n\n\n\n\n\n\n\n\n\n\n\n\n\n\n\n\n\n\n\n\n\n\n\n\n\n\n\n\n\n\n\n\n\n\n\n\n\n\n\n<\/p>\n                    <\/div>\n                  <\/div>\n                <\/div>\n              <\/div>\n            <\/div>\n            <div data-href=\"https:\/\/klubdiabetikuzlin.cz\/index.php\/cviceni-v-bazenu-2\/\" class=\"u-blog-control u-blog-post u-container-style u-image u-repeater-item u-image-1\" style=\"background-image: url(https:\/\/klubdiabetikuzlin.cz\/wp-content\/uploads\/2023\/09\/20230923_095740-rotated.jpg);\">\n              <div class=\"u-container-layout u-similar-container u-container-layout-1\">\n                <div class=\"u-container-align-center u-container-style u-expanded-width u-group u-video-cover u-white u-group-1\">\n                  <div class=\"u-container-layout u-container-layout-2\">\n                    <h4 class=\"u-align-center u-blog-control u-text u-text-2\">\n                      <a class=\"u-post-header-link\" href=\"https:\/\/klubdiabetikuzlin.cz\/index.php\/cviceni-v-bazenu-2\/\">Cvi\u010den\u00ed v baz\u00e9nu<\/a>\n                    <\/h4>\n                    <div class=\"u-align-center u-blog-control u-post-content u-text u-text-3\">D\u011bkujeme za sponzorsk\u00fd dar od Statut\u00e1rn\u00edho m\u011bsta Zl\u00edna a Zl\u00ednsk\u00e9ho kraje\n                    <\/div>\n                  <\/div>\n                <\/div>\n              <\/div>\n            <\/div>\n            <div data-href=\"https:\/\/klubdiabetikuzlin.cz\/index.php\/vyborova-schuze\/\" class=\"u-blog-control u-blog-post u-container-style u-image u-repeater-item u-image-1\" style=\"background-image: url(https:\/\/klubdiabetikuzlin.cz\/wp-content\/uploads\/2023\/09\/20230913_111547-rotated.jpg);\">\n              <div class=\"u-container-layout u-similar-container u-container-layout-1\">\n                <div class=\"u-container-align-center u-container-style u-expanded-width u-group u-video-cover u-white u-group-1\">\n                  <div class=\"u-container-layout u-container-layout-2\">\n                    <h4 class=\"u-align-center u-blog-control u-text u-text-2\">\n                      <a class=\"u-post-header-link\" href=\"https:\/\/klubdiabetikuzlin.cz\/index.php\/vyborova-schuze\/\">V\u00fdborov\u00e1 sch\u016fze<\/a>\n                    <\/h4>\n                    <div class=\"u-align-center u-blog-control u-post-content u-text u-text-3\"><p>\n\n\n\n\n\n\n\n\n\n\n\n<\/p>\n                    <\/div>\n                  <\/div>\n                <\/div>\n              <\/div>\n            <\/div>\n            <div data-href=\"https:\/\/klubdiabetikuzlin.cz\/index.php\/rybniky-u-malenovic\/\" class=\"u-blog-control u-blog-post u-container-style u-image u-repeater-item u-image-1\" style=\"background-image: url(https:\/\/klubdiabetikuzlin.cz\/wp-content\/uploads\/2023\/09\/hrad-Malenovice-sidlo-rodu-Stemberku.jpg);\">\n              <div class=\"u-container-layout u-similar-container u-container-layout-1\">\n                <div class=\"u-container-align-center u-container-style u-expanded-width u-group u-video-cover u-white u-group-1\">\n                  <div class=\"u-container-layout u-container-layout-2\">\n                    <h4 class=\"u-align-center u-blog-control u-text u-text-2\">\n                      <a class=\"u-post-header-link\" href=\"https:\/\/klubdiabetikuzlin.cz\/index.php\/rybniky-u-malenovic\/\">Rybn\u00edk Bal\u00e1\u017e u Malenovic<\/a>\n                    <\/h4>\n                    <div class=\"u-align-center u-blog-control u-post-content u-text u-text-3\">V\u00fdlet z\u00e1\u0159\u00ed 2023\n                    <\/div>\n                  <\/div>\n                <\/div>\n              <\/div>\n            <\/div>\n            <div data-href=\"https:\/\/klubdiabetikuzlin.cz\/index.php\/prednaska-o-strave-8-3-2023\/\" class=\"u-blog-control u-blog-post u-container-style u-image u-repeater-item u-image-1\" style=\"background-image: url(https:\/\/klubdiabetikuzlin.cz\/wp-content\/uploads\/2023\/06\/20230308_151249-zapletalova2.jpg);\">\n              <div class=\"u-container-layout u-similar-container u-container-layout-1\">\n                <div class=\"u-container-align-center u-container-style u-expanded-width u-group u-video-cover u-white u-group-1\">\n                  <div class=\"u-container-layout u-container-layout-2\">\n                    <h4 class=\"u-align-center u-blog-control u-text u-text-2\">\n                      <a class=\"u-post-header-link\" href=\"https:\/\/klubdiabetikuzlin.cz\/index.php\/prednaska-o-strave-8-3-2023\/\">P\u0159edn\u00e1\u0161ka o strav\u011b 8.3.2023<\/a>\n                    <\/h4>\n                    <div class=\"u-align-center u-blog-control u-post-content u-text u-text-3\"><p>\n\n\n\n\n\n\n\n\n\n\n\n<\/p>\n                    <\/div>\n                  <\/div>\n                <\/div>\n              <\/div>\n            <\/div>\n            <div data-href=\"https:\/\/klubdiabetikuzlin.cz\/index.php\/hukvaldy\/\" class=\"u-blog-control u-blog-post u-container-style u-image u-repeater-item u-image-1\" style=\"background-image: url(https:\/\/klubdiabetikuzlin.cz\/wp-content\/uploads\/2023\/06\/IMG_20210929_114753-hukvaldy.jpg);\">\n              <div class=\"u-container-layout u-similar-container u-container-layout-1\">\n                <div class=\"u-container-align-center u-container-style u-expanded-width u-group u-video-cover u-white u-group-1\">\n                  <div class=\"u-container-layout u-container-layout-2\">\n                    <h4 class=\"u-align-center u-blog-control u-text u-text-2\">\n                      <a class=\"u-post-header-link\" href=\"https:\/\/klubdiabetikuzlin.cz\/index.php\/hukvaldy\/\">Hukvaldy 2021<\/a>\n                    <\/h4>\n                    <div class=\"u-align-center u-blog-control u-post-content u-text u-text-3\">D\u011bkujeme za sponzorsk\u00fd dar od Statut\u00e1rn\u00edho m\u011bsta Zl\u00edna a Zl\u00ednsk\u00e9ho kraje\n                    <\/div>\n                  <\/div>\n                <\/div>\n              <\/div>\n            <\/div>\n            <div data-href=\"https:\/\/klubdiabetikuzlin.cz\/index.php\/vylet-do-pohadkoveho-lesa-jizni-svahy\/\" class=\"u-blog-control u-blog-post u-container-style u-image u-repeater-item u-image-1\" style=\"background-image: url(https:\/\/klubdiabetikuzlin.cz\/wp-content\/uploads\/2023\/06\/20230520_112035-jizni-svahy-rotated.jpg);\">\n              <div class=\"u-container-layout u-similar-container u-container-layout-1\">\n                <div class=\"u-container-align-center u-container-style u-expanded-width u-group u-video-cover u-white u-group-1\">\n                  <div class=\"u-container-layout u-container-layout-2\">\n                    <h4 class=\"u-align-center u-blog-control u-text u-text-2\">\n                      <a class=\"u-post-header-link\" href=\"https:\/\/klubdiabetikuzlin.cz\/index.php\/vylet-do-pohadkoveho-lesa-jizni-svahy\/\">V\u00fdlet do poh\u00e1dkov\u00e9ho lesa Ji\u017en\u00ed Svahy<\/a>\n                    <\/h4>\n                    <div class=\"u-align-center u-blog-control u-post-content u-text u-text-3\"><p>\n\n\n\n\n\n\n\n\n\n\n\n\n\n\n\n\n\n\n\n\n\n\n\n\n\n\n\n\n\n\n\n\n\n\n\n\n\n\n\n\n\n\n\n\n\n\n\n\n\n\n\n\n\n\n\n\n\n\n\n\n\n\n\n\n\n\n\n\n\n\n\n<\/p>\n                    <\/div>\n                  <\/div>\n                <\/div>\n              <\/div>\n            <\/div>\n            <div data-href=\"https:\/\/klubdiabetikuzlin.cz\/index.php\/vanocni-setkani-s-tombolou\/\" class=\"u-blog-control u-blog-post u-container-style u-image u-repeater-item u-image-1\" style=\"background-image: url(https:\/\/klubdiabetikuzlin.cz\/wp-content\/uploads\/2023\/04\/IMG_0011-scaled.jpg);\">\n              <div class=\"u-container-layout u-similar-container u-container-layout-1\">\n                <div class=\"u-container-align-center u-container-style u-expanded-width u-group u-video-cover u-white u-group-1\">\n                  <div class=\"u-container-layout u-container-layout-2\">\n                    <h4 class=\"u-align-center u-blog-control u-text u-text-2\">\n                      <a class=\"u-post-header-link\" href=\"https:\/\/klubdiabetikuzlin.cz\/index.php\/vanocni-setkani-s-tombolou\/\">V\u00e1no\u010dn\u00ed setk\u00e1n\u00ed s tombolou<\/a>\n                    <\/h4>\n                    <div class=\"u-align-center u-blog-control u-post-content u-text u-text-3\"><p>\n7.12.2022\n\n\n\n\n\n\n\n\n\n\n\n\n\n\n<\/p>\n                    <\/div>\n                  <\/div>\n                <\/div>\n              <\/div>\n            <\/div>\n          <\/div>\n        <\/div>\n      <\/div>\n    <\/section>\n    \n    \n  \n","protected":false},"excerpt":{"rendered":"<p>Fotogalerie CVI\u010c\u00cdME S RADOST\u00cd D\u011bkujeme Magistr\u00e1tu m\u011bsta Zl\u00edna a Krajsk\u00e9mu \u00fa\u0159adu Zl\u00edn za dotace na cvi\u010den\u00ed a plav\u00e1n\u00ed ve vod\u011b V\u00fdlet do ZOO 2025 Rekondice Bahenec 2025 D\u011bkujeme Krajsk\u00e9mu \u00fa\u0159adu Zl\u00edn a Magistr\u00e1tu m\u011bsta Zl\u00edna za dotace na rekondici Oslava narozenin V\u00e1no\u010dn\u00ed sch\u016fze 2025 V\u00fdlet Vizovice 2025 V\u00fdlet do z\u00e1mku Vizovice a n\u00e1v\u0161t\u011bva v\u00fdstavy a &hellip; <a href=\"https:\/\/klubdiabetikuzlin.cz\/index.php\/fotogalerie\/\" class=\"more-link\">Continue reading<span class=\"screen-reader-text\"> &#8222;Fotogalerie&#8220;<\/span><\/a><\/p>\n","protected":false},"author":1,"featured_media":0,"parent":0,"menu_order":0,"comment_status":"closed","ping_status":"closed","template":"","meta":{"footnotes":""},"class_list":["post-497","page","type-page","status-publish","hentry"],"_links":{"self":[{"href":"https:\/\/klubdiabetikuzlin.cz\/index.php\/wp-json\/wp\/v2\/pages\/497","targetHints":{"allow":["GET"]}}],"collection":[{"href":"https:\/\/klubdiabetikuzlin.cz\/index.php\/wp-json\/wp\/v2\/pages"}],"about":[{"href":"https:\/\/klubdiabetikuzlin.cz\/index.php\/wp-json\/wp\/v2\/types\/page"}],"author":[{"embeddable":true,"href":"https:\/\/klubdiabetikuzlin.cz\/index.php\/wp-json\/wp\/v2\/users\/1"}],"replies":[{"embeddable":true,"href":"https:\/\/klubdiabetikuzlin.cz\/index.php\/wp-json\/wp\/v2\/comments?post=497"}],"version-history":[{"count":5,"href":"https:\/\/klubdiabetikuzlin.cz\/index.php\/wp-json\/wp\/v2\/pages\/497\/revisions"}],"predecessor-version":[{"id":506,"href":"https:\/\/klubdiabetikuzlin.cz\/index.php\/wp-json\/wp\/v2\/pages\/497\/revisions\/506"}],"wp:attachment":[{"href":"https:\/\/klubdiabetikuzlin.cz\/index.php\/wp-json\/wp\/v2\/media?parent=497"}],"curies":[{"name":"wp","href":"https:\/\/api.w.org\/{rel}","templated":true}]}}