{"id":396,"date":"2023-04-21T18:54:43","date_gmt":"2023-04-21T16:54:43","guid":{"rendered":"https:\/\/klubdiabetikuzlin.cz\/?page_id=396"},"modified":"2025-03-05T23:34:36","modified_gmt":"2025-03-05T22:34:36","slug":"klubova-cinnost","status":"publish","type":"page","link":"https:\/\/klubdiabetikuzlin.cz\/index.php\/klubova-cinnost\/","title":{"rendered":"Klubov\u00e1 \u010dinnost"},"content":{"rendered":"\n    \n    <section class=\"u-clearfix u-section-2\" id=\"sec-9d79\">\n      <div class=\"u-clearfix u-sheet u-sheet-1\">\n        <h1 class=\"u-align-center u-text u-text-default u-text-1\">Klubov\u00e1 \u010dinnost ve Zl\u00ednsk\u00e9m kraji<\/h1>\n        <p class=\"u-align-center u-text u-text-2\"> Aktivity diabetologick\u00e9ho klubu jsou navr\u017eeny tak, aby pomohly jedinc\u016fm s diabetem zvl\u00e1dnout jejich stav a z\u00e1rove\u0148 se st\u00fdkaly s ostatn\u00edmi, kte\u0159\u00ed sd\u00edlej\u00ed sv\u00e9 zku\u0161enosti. Tyto aktivity obvykle zahrnuj\u00ed cvi\u010debn\u00ed programy, nutri\u010dn\u00ed vzd\u011bl\u00e1v\u00e1n\u00ed, podp\u016frn\u00e9 skupiny a spole\u010densk\u00e9 akce. \u00da\u010dast\u00ed na aktivit\u00e1ch diabetick\u00e9ho klubu se jednotlivci mohou nau\u010dit efektivn\u011bji spravovat hladinu cukru v krvi, rozv\u00edjet zdrav\u00e9 n\u00e1vyky a naj\u00edt emocion\u00e1ln\u00ed podporu od ostatn\u00edch, kte\u0159\u00ed ch\u00e1pou v\u00fdzvy \u017eivota s diabetem. Tyto aktivity mohou tak\u00e9 pomoci sn\u00ed\u017eit soci\u00e1ln\u00ed izolaci a stigma,<br>&nbsp;kter\u00e9 mnoho lid\u00ed s diabetem za\u017e\u00edv\u00e1.\n        <\/p>\n        <p class=\"u-align-center u-text u-text-3\"> Klademe si za c\u00edl poskytnout podp\u016frn\u00fd syst\u00e9m a komunitu pro ty, kte\u0159\u00ed \u017eij\u00ed s diabetem. Prost\u0159ednictv\u00edm pravideln\u00fdch setk\u00e1n\u00ed a akc\u00ed mohou \u010dlenov\u00e9 sd\u00edlet sv\u00e9 zku\u0161enosti, rady a strategie pro zvl\u00e1d\u00e1n\u00ed sv\u00e9ho stavu. Projekt tak\u00e9 nab\u00edz\u00ed zdroje a vzd\u011bl\u00e1vac\u00ed materi\u00e1ly, kter\u00e9 pom\u00e1haj\u00ed \u010dlen\u016fm z\u016fstat informov\u00e1ni a m\u00edt kontrolu nad sv\u00fdm zdrav\u00edm.&nbsp;<\/p>\n      <\/div>\n    <\/section>\n    <section class=\"u-align-center u-clearfix u-section-3\" id=\"sec-31b7\">\n      <div class=\"u-clearfix u-sheet u-sheet-1\">\n        <h2 class=\"u-text u-text-default u-text-1\">Na\u0161e spole\u010dn\u00e9 akce<\/h2>\n        <div class=\"custom-expanded u-list u-list-1\">\n          <div class=\"u-repeater u-repeater-1\">\n            <div class=\"u-align-center u-container-style u-list-item u-repeater-item\">\n              <div class=\"u-container-layout u-similar-container u-container-layout-1\"><span class=\"u-file-icon u-icon u-icon-circle u-palette-2-light-1 u-icon-1\"><img decoding=\"async\" src=\"https:\/\/klubdiabetikuzlin.cz\/wp-content\/uploads\/2023\/04\/7785444.png\" alt=\"\"><\/span>\n                <h3 class=\"u-align-center u-text u-text-2\">Plavan\u00ed<\/h3>\n                <p class=\"u-align-center u-text u-text-3\">Plaveme kondi\u010dn\u011b v m\u011bstsk\u00fdch<br>L\u00e1zn\u00edch Zl\u00edn\n                <\/p>\n              <\/div>\n            <\/div>\n            <div class=\"u-align-center u-container-style u-list-item u-repeater-item\">\n              <div class=\"u-container-layout u-similar-container u-container-layout-2\"><span class=\"u-file-icon u-icon u-icon-circle u-palette-2-light-1 u-icon-2\"><img decoding=\"async\" src=\"https:\/\/klubdiabetikuzlin.cz\/wp-content\/uploads\/2023\/04\/2754518.png\" alt=\"\"><\/span>\n                <h3 class=\"u-align-center u-text u-text-4\">Spole\u010dn\u00e9 sd\u00edlen\u00ed<\/h3>\n                <p class=\"u-align-center u-text u-text-5\">Ve dvou se to l\u00e9pe t\u00e1hne. Spole\u010dn\u011b sd\u00edl\u00edme, rady tipy jak o sepe pe\u010dovat...<\/p>\n              <\/div>\n            <\/div>\n            <div class=\"u-align-center u-container-style u-list-item u-repeater-item\">\n              <div class=\"u-container-layout u-similar-container u-container-layout-3\"><span class=\"u-file-icon u-icon u-icon-circle u-palette-2-light-1 u-icon-3\"><img decoding=\"async\" src=\"https:\/\/klubdiabetikuzlin.cz\/wp-content\/uploads\/2023\/04\/5730373.png\" alt=\"\"><\/span>\n                <h3 class=\"u-align-center u-text u-text-6\">V\u00fdlety<\/h3>\n                <p class=\"u-align-center u-text u-text-7\">Ji\u017e jsme absolvovaly spoustu spole\u010dn\u00fdch v\u00fdlet\u016f<\/p>\n              <\/div>\n            <\/div>\n            <div class=\"u-align-center u-container-style u-list-item u-repeater-item\">\n              <div class=\"u-container-layout u-similar-container u-container-layout-4\"><span class=\"u-icon u-icon-circle u-palette-2-light-1 u-icon-4\"><svg class=\"u-svg-link\" preserveAspectRatio=\"xMidYMin slice\" viewBox=\"0 0 51.997 51.997\" style=\"\"><use xlink:href=\"#svg-f9c3\"><\/use><\/svg><svg class=\"u-svg-content\" viewBox=\"0 0 51.997 51.997\" x=\"0px\" y=\"0px\" id=\"svg-f9c3\" style=\"enable-background:new 0 0 51.997 51.997;\"><g><path d=\"M51.911,16.242C51.152,7.888,45.239,1.827,37.839,1.827c-4.93,0-9.444,2.653-11.984,6.905\n\t\tc-2.517-4.307-6.846-6.906-11.697-6.906c-7.399,0-13.313,6.061-14.071,14.415c-0.06,0.369-0.306,2.311,0.442,5.478\n\t\tc1.078,4.568,3.568,8.723,7.199,12.013l18.115,16.439l18.426-16.438c3.631-3.291,6.121-7.445,7.199-12.014\n\t\tC52.216,18.553,51.97,16.611,51.911,16.242z M49.521,21.261c-0.984,4.172-3.265,7.973-6.59,10.985L25.855,47.481L9.072,32.25\n\t\tc-3.331-3.018-5.611-6.818-6.596-10.99c-0.708-2.997-0.417-4.69-0.416-4.701l0.015-0.101C2.725,9.139,7.806,3.826,14.158,3.826\n\t\tc4.687,0,8.813,2.88,10.771,7.515l0.921,2.183l0.921-2.183c1.927-4.564,6.271-7.514,11.069-7.514\n\t\tc6.351,0,11.433,5.313,12.096,12.727C49.938,16.57,50.229,18.264,49.521,21.261z\"><\/path>\n<\/g><\/svg><\/span>\n                <h3 class=\"u-align-center u-text u-text-8\">Rekondice<\/h3>\n                <p class=\"u-align-center u-text u-text-9\">Ka\u017ed\u00fd rok jezd\u00edme na eduka\u010dn\u00ed a rekondi\u010dn\u00ed pobyty.<\/p>\n              <\/div>\n            <\/div>\n          <\/div>\n        <\/div>\n      <\/div>\n    <\/section>\n    \n    \n    \n  \n","protected":false},"excerpt":{"rendered":"<p>Klubov\u00e1 \u010dinnost ve Zl\u00ednsk\u00e9m kraji Aktivity diabetologick\u00e9ho klubu jsou navr\u017eeny tak, aby pomohly jedinc\u016fm s diabetem zvl\u00e1dnout jejich stav a z\u00e1rove\u0148 se st\u00fdkaly s ostatn\u00edmi, kte\u0159\u00ed sd\u00edlej\u00ed sv\u00e9 zku\u0161enosti. Tyto aktivity obvykle zahrnuj\u00ed cvi\u010debn\u00ed programy, nutri\u010dn\u00ed vzd\u011bl\u00e1v\u00e1n\u00ed, podp\u016frn\u00e9 skupiny a spole\u010densk\u00e9 akce. \u00da\u010dast\u00ed na aktivit\u00e1ch diabetick\u00e9ho klubu se jednotlivci mohou nau\u010dit efektivn\u011bji spravovat hladinu cukru &hellip; <a href=\"https:\/\/klubdiabetikuzlin.cz\/index.php\/klubova-cinnost\/\" class=\"more-link\">Continue reading<span class=\"screen-reader-text\"> &#8222;Klubov\u00e1 \u010dinnost&#8220;<\/span><\/a><\/p>\n","protected":false},"author":1,"featured_media":0,"parent":0,"menu_order":0,"comment_status":"closed","ping_status":"closed","template":"templates\/post.php","meta":{"footnotes":""},"class_list":["post-396","page","type-page","status-publish","hentry"],"_links":{"self":[{"href":"https:\/\/klubdiabetikuzlin.cz\/index.php\/wp-json\/wp\/v2\/pages\/396","targetHints":{"allow":["GET"]}}],"collection":[{"href":"https:\/\/klubdiabetikuzlin.cz\/index.php\/wp-json\/wp\/v2\/pages"}],"about":[{"href":"https:\/\/klubdiabetikuzlin.cz\/index.php\/wp-json\/wp\/v2\/types\/page"}],"author":[{"embeddable":true,"href":"https:\/\/klubdiabetikuzlin.cz\/index.php\/wp-json\/wp\/v2\/users\/1"}],"replies":[{"embeddable":true,"href":"https:\/\/klubdiabetikuzlin.cz\/index.php\/wp-json\/wp\/v2\/comments?post=396"}],"version-history":[{"count":10,"href":"https:\/\/klubdiabetikuzlin.cz\/index.php\/wp-json\/wp\/v2\/pages\/396\/revisions"}],"predecessor-version":[{"id":1318,"href":"https:\/\/klubdiabetikuzlin.cz\/index.php\/wp-json\/wp\/v2\/pages\/396\/revisions\/1318"}],"wp:attachment":[{"href":"https:\/\/klubdiabetikuzlin.cz\/index.php\/wp-json\/wp\/v2\/media?parent=396"}],"curies":[{"name":"wp","href":"https:\/\/api.w.org\/{rel}","templated":true}]}}