{"id":260,"date":"2023-04-20T17:57:51","date_gmt":"2023-04-20T15:57:51","guid":{"rendered":"https:\/\/klubdiabetikuzlin.cz\/?page_id=260"},"modified":"2023-07-07T20:52:05","modified_gmt":"2023-07-07T18:52:05","slug":"stan-se-klientem","status":"publish","type":"page","link":"https:\/\/klubdiabetikuzlin.cz\/index.php\/stan-se-klientem\/","title":{"rendered":"P\u0159ihl\u00e1\u0161ka"},"content":{"rendered":"\n    \n    <section class=\"u-clearfix u-section-2\" id=\"sec-5f62\">\n      <div class=\"u-clearfix u-sheet u-sheet-1\">\n        <h1 class=\"u-text u-text-default u-text-1\" data-lang-cs=\"Sta\u0148 se \u010dlenem klubu Zl\u00edn\">Sta\u0148 se \u010dlenem klubu Zl\u00edn<\/h1>\n        <p class=\"u-text u-text-default u-text-2\" data-lang-cs=\"\u200bP\u0159ipojte se ke Club Diabetes a sta\u0148te se \u010dlenem podp\u016frn\u00e9 komunity v\u011bnovan\u00e9 l\u00e9\u010db\u011b cukrovky. Mezi v\u00fdhody \u010dlenstv\u00ed pat\u0159\u00ed p\u0159\u00edstup k online zdroj\u016fm, tipy pro zdrav\u00fd \u017eivot a exkluzivn\u00ed slevy na produkty souvisej\u00edc\u00ed s cukrovkou. Spojte se s ostatn\u00edmi, kte\u0159\u00ed ch\u00e1pou probl\u00e9my spojen\u00e9 s cukrovkou, a sd\u00edlejte rady, zku\u0161enosti a povzbuzen\u00ed. Budete tak\u00e9 dost\u00e1vat pravideln\u00e9 aktualizace o nejnov\u011bj\u0161\u00edm v\u00fdzkumu a pokroku v l\u00e9\u010db\u011b diabetu. Zaregistrujte se je\u0161t\u011b dnes a za\u010dn\u011bte se c\u00edtit zmocn\u011bni na sv\u00e9 cest\u011b k l\u00e9\u010db\u011b diabetu.\"> P\u0159ipojte se ke Club Diabetes a sta\u0148te se \u010dlenem podp\u016frn\u00e9 komunity v\u011bnovan\u00e9 l\u00e9\u010db\u011b cukrovky. Mezi v\u00fdhody \u010dlenstv\u00ed pat\u0159\u00ed p\u0159\u00edstup k online zdroj\u016fm, tipy pro zdrav\u00fd \u017eivot a exkluzivn\u00ed slevy na produkty souvisej\u00edc\u00ed s cukrovkou. Spojte se s ostatn\u00edmi, kte\u0159\u00ed ch\u00e1pou probl\u00e9my spojen\u00e9 s cukrovkou, a sd\u00edlejte rady, zku\u0161enosti a povzbuzen\u00ed. Budete tak\u00e9 dost\u00e1vat pravideln\u00e9 aktualizace o nejnov\u011bj\u0161\u00edm v\u00fdzkumu a pokroku v l\u00e9\u010db\u011b diabetu. Zaregistrujte se je\u0161t\u011b dnes a za\u010dn\u011bte se c\u00edtit zmocn\u011bni na sv\u00e9 cest\u011b k l\u00e9\u010db\u011b diabetu.<\/p>\n      <\/div>\n    <\/section>\n    <section class=\"u-clearfix u-grey-5 u-section-3\" id=\"carousel_7592\">\n      <div class=\"u-clearfix u-sheet u-sheet-1\">\n        <div class=\"u-palette-4-base u-shape u-shape-circle u-shape-1\" data-animation-name=\"customAnimationIn\" data-animation-duration=\"1500\" data-animation-delay=\"500\"><\/div>\n        <div class=\"u-border-20 u-border-palette-4-base u-image u-image-circle u-preserve-proportions u-image-1\" alt=\"\" data-image-width=\"1280\" data-image-height=\"853\" data-animation-name=\"customAnimationIn\" data-animation-duration=\"1500\" data-animation-delay=\"250\" style=\"background-image: url(&quot;https:\/\/klubdiabetikuzlin.cz\/wp-content\/uploads\/2023\/04\/38d5a641ede975967cbd63304d2b5b4d6f903887999c88ef3c6be1c6ce0a36e497227a47f0a3cf0dced7f8d5debaf5135ccb53e5608a0d15a1bd74_1280.jpg&quot;);\"><\/div>\n        <div class=\"u-shape u-shape-svg u-text-palette-4-base u-shape-2\" data-animation-name=\"customAnimationIn\" data-animation-duration=\"1500\" data-animation-delay=\"500\">\n          <svg class=\"u-svg-link\" preserveAspectRatio=\"none\" viewBox=\"0 0 160 160\" style=\"\"><use xlink:href=\"#svg-988f\"><\/use><\/svg>\n          <svg xmlns=\"http:\/\/www.w3.org\/2000\/svg\" xmlns:xlink=\"http:\/\/www.w3.org\/1999\/xlink\" version=\"1.1\" xml:space=\"preserve\" class=\"u-svg-content\" viewBox=\"0 0 160 160\" x=\"0px\" y=\"0px\" id=\"svg-988f\" style=\"enable-background:new 0 0 160 160;\"><path d=\"M80,30c27.6,0,50,22.4,50,50s-22.4,50-50,50s-50-22.4-50-50S52.4,30,80,30 M80,0C35.8,0,0,35.8,0,80s35.8,80,80,80\n\ts80-35.8,80-80S124.2,0,80,0L80,0z\"><\/path><\/svg>\n        <\/div>\n        <div class=\"u-form u-form-1\">\n          <form action=\"https:\/\/forms.nicepagesrv.com\/v2\/form\/process\" class=\"u-clearfix u-form-spacing-15 u-form-vertical u-inner-form\" style=\"padding: 14px;\" source=\"email\" name=\"form\">\n            <div class=\"u-form-group u-form-name u-label-none u-form-group-1\">\n              <label for=\"name-1657\" class=\"u-label\">Name<\/label>\n              <input type=\"text\" placeholder=\"Jm\u00e9no:\" id=\"name-1657\" name=\"name\" class=\"u-input u-input-rectangle\" required=\"\">\n            <\/div>\n            <div class=\"u-form-group u-form-name u-label-none\">\n              <label class=\"u-label\" data-lang-cs=\"Last Name\">Last Name<\/label>\n              <input type=\"text\" placeholder=\"P\u0159ijmen\u00ed:\" id=\"name-0c7c\" name=\"name-2\" class=\"u-input u-input-rectangle\" required=\"\" data-lang-cs=\"P\u0159ijmen\u00ed:\">\n            <\/div>\n            <div class=\"u-form-email u-form-group u-label-none\">\n              <label class=\"u-label\" data-lang-cs=\"Email\">Email<\/label>\n              <input type=\"email\" placeholder=\"Email\" id=\"email-6797\" name=\"email\" class=\"u-input u-input-rectangle\" required=\"\" data-lang-cs=\"Email\">\n            <\/div>\n            <div class=\"u-form-group u-form-phone u-label-none\">\n              <label class=\"u-label\" data-lang-cs=\"Phone\">Phone<\/label>\n              <input type=\"tel\" placeholder=\"Telefon:\" id=\"phone-9959\" name=\"phone\" class=\"u-input u-input-rectangle\" required=\"\" data-lang-cs=\"Telefon:\">\n            <\/div>\n            <div class=\"u-form-group u-form-message u-label-none\">\n              <label class=\"u-label\" data-lang-cs=\"Address\">Address<\/label>\n              <textarea placeholder=\"Adresa:\" id=\"message-6797\" name=\"Pozn\u00e1mka\" class=\"u-input u-input-rectangle\" required=\"\" data-lang-cs=\"Adresa:\"><\/textarea>\n            <\/div>\n            <div class=\"u-align-left u-form-group u-form-submit u-label-none\">\n              <a href=\"#\" class=\"u-btn u-btn-submit u-button-style\" data-lang-cs=\"{&quot;content&quot;:&quot;Submit&quot;,&quot;href&quot;:&quot;#&quot;}\">Odeslat<\/a>\n              <input type=\"submit\" value=\"submit\" class=\"u-form-control-hidden\">\n            <\/div>\n            <div class=\"u-form-send-message u-form-send-success\" data-lang-cs=\"Thank you! Your message has been sent.\">Thank you! Your message has been sent.<\/div>\n            <div class=\"u-form-send-error u-form-send-message\" data-lang-cs=\"Unable to send your message. Please fix errors then try again.\">Unable to send your message. Please fix errors then try again.<\/div>\n            <input type=\"hidden\" value=\"\" name=\"recaptchaResponse\">\n            <input type=\"hidden\" name=\"formServices\" value=\"515f0d7d26c8dd6014ca400f38e447af;315441e0-a1ce-801a-8a7c-ab9dc2452d0c\">\n          <\/form>\n        <\/div>\n      <\/div>\n    <\/section>\n    \n    \n  \n","protected":false},"excerpt":{"rendered":"<p>Sta\u0148 se \u010dlenem klubu Zl\u00edn P\u0159ipojte se ke Club Diabetes a sta\u0148te se \u010dlenem podp\u016frn\u00e9 komunity v\u011bnovan\u00e9 l\u00e9\u010db\u011b cukrovky. Mezi v\u00fdhody \u010dlenstv\u00ed pat\u0159\u00ed p\u0159\u00edstup k online zdroj\u016fm, tipy pro zdrav\u00fd \u017eivot a exkluzivn\u00ed slevy na produkty souvisej\u00edc\u00ed s cukrovkou. Spojte se s ostatn\u00edmi, kte\u0159\u00ed ch\u00e1pou probl\u00e9my spojen\u00e9 s cukrovkou, a sd\u00edlejte rady, zku\u0161enosti a povzbuzen\u00ed. &hellip; <a href=\"https:\/\/klubdiabetikuzlin.cz\/index.php\/stan-se-klientem\/\" class=\"more-link\">Continue reading<span class=\"screen-reader-text\"> &#8222;P\u0159ihl\u00e1\u0161ka&#8220;<\/span><\/a><\/p>\n","protected":false},"author":1,"featured_media":0,"parent":0,"menu_order":0,"comment_status":"closed","ping_status":"closed","template":"","meta":{"footnotes":""},"class_list":["post-260","page","type-page","status-publish","hentry"],"_links":{"self":[{"href":"https:\/\/klubdiabetikuzlin.cz\/index.php\/wp-json\/wp\/v2\/pages\/260","targetHints":{"allow":["GET"]}}],"collection":[{"href":"https:\/\/klubdiabetikuzlin.cz\/index.php\/wp-json\/wp\/v2\/pages"}],"about":[{"href":"https:\/\/klubdiabetikuzlin.cz\/index.php\/wp-json\/wp\/v2\/types\/page"}],"author":[{"embeddable":true,"href":"https:\/\/klubdiabetikuzlin.cz\/index.php\/wp-json\/wp\/v2\/users\/1"}],"replies":[{"embeddable":true,"href":"https:\/\/klubdiabetikuzlin.cz\/index.php\/wp-json\/wp\/v2\/comments?post=260"}],"version-history":[{"count":9,"href":"https:\/\/klubdiabetikuzlin.cz\/index.php\/wp-json\/wp\/v2\/pages\/260\/revisions"}],"predecessor-version":[{"id":816,"href":"https:\/\/klubdiabetikuzlin.cz\/index.php\/wp-json\/wp\/v2\/pages\/260\/revisions\/816"}],"wp:attachment":[{"href":"https:\/\/klubdiabetikuzlin.cz\/index.php\/wp-json\/wp\/v2\/media?parent=260"}],"curies":[{"name":"wp","href":"https:\/\/api.w.org\/{rel}","templated":true}]}}