{"id":257,"date":"2023-04-20T21:40:19","date_gmt":"2023-04-20T19:40:19","guid":{"rendered":"https:\/\/klubdiabetikuzlin.cz\/?page_id=257"},"modified":"2023-05-08T18:17:56","modified_gmt":"2023-05-08T16:17:56","slug":"diabetes","status":"publish","type":"page","link":"https:\/\/klubdiabetikuzlin.cz\/index.php\/diabetes\/","title":{"rendered":"DIABETES"},"content":{"rendered":"\n    \n    <section class=\"u-align-left u-clearfix u-section-2\" id=\"sec-baa1\">\n      <div class=\"u-clearfix u-sheet u-sheet-1\">\n        <div class=\"fr-view u-clearfix u-rich-text u-text u-text-1\">\n          <h3 id=\"isPasted\">Cukrovka \u2013 diabetes mellitus<\/h3>\n          <p>Diabetes je chronick\u00e9 onemocn\u011bn\u00ed charakterizovan\u00e9 vysokou hladinou gluk\u00f3zy v krvi. Diabetes 1. typu nast\u00e1v\u00e1, kdy\u017e imunitn\u00ed syst\u00e9m t\u011bla napad\u00e1 a ni\u010d\u00ed bu\u0148ky ve slinivce b\u0159i\u0161n\u00ed, kter\u00e9 produkuj\u00ed inzul\u00edn, kter\u00fd reguluje hladinu cukru v krvi. Tento typ se obvykle vyv\u00edj\u00ed v d\u011btstv\u00ed nebo dosp\u00edv\u00e1n\u00ed. Diabetes 2. typu nast\u00e1v\u00e1, kdy\u017e se t\u011blo stane odoln\u00fdm v\u016f\u010di inzul\u00ednu nebo ho neprodukuje dostatek. Tento typ je \u010dasto spojov\u00e1n s obezitou a fyzickou ne\u010dinnost\u00ed a m\u016f\u017ee se vyvinout v jak\u00e9mkoli v\u011bku. Oba typy diabetu vy\u017eaduj\u00ed pe\u010dlivou l\u00e9\u010dbu, aby se zabr\u00e1nilo komplikac\u00edm, jako jsou kardiovaskul\u00e1rn\u00ed onemocn\u011bn\u00ed, po\u0161kozen\u00ed ledvin a po\u0161kozen\u00ed nerv\u016f. <\/p>\n          <p id=\"isPasted\">Cukrovka m\u00e1 tak\u00e9 p\u0159ezd\u00edvku \u201etich\u00fd zabij\u00e1k\u201c. Z po\u010d\u00e1tku nebol\u00ed, p\u0159esto zab\u00edj\u00ed. Dnes u\u017e neplat\u00ed, \u017ee se cukrovka t\u00fdk\u00e1 jen star\u0161\u00edch lid\u00ed. Naopak, je st\u00e1le v\u00edce diagnostikov\u00e1na mlad\u0161\u00edch osob\u00e1m.<\/p>\n          <p>Pro\u010d?<\/p>\n          <p>Dne\u0161n\u00ed pracuj\u00edc\u00ed v\u00edce sed\u00ed u po\u010d\u00edta\u010d\u016f a fyzicky m\u00e9n\u011b pracuj\u00ed. T\u00edm p\u0159ib\u00fdvaj\u00ed kila a je t\u011b\u017ek\u00e9 za\u0159adit do denn\u00edho rytmu pohyb a omezit stres. D\u0159\u00edve se v\u00edce pracovalo fyzicky, lid\u00e9 nebyly ob\u00e9zn\u00ed. Obezita byla p\u0159\u00edznakem blahobytu.<\/p>\n          <p>Cukrovka je nevyl\u00e9\u010diteln\u00e9 onemocn\u011bn\u00ed, ale d\u00e1 se s n\u00edm plnohodnotn\u011b \u017e\u00edt. C\u00edlem l\u00e9\u010dby je br\u00e1nit vzniku komplikac\u00ed a umo\u017enit tak zkvalitn\u011bn\u00ed a prodlou\u017een\u00ed \u017eivota.<\/p>\n          <p>Cukrovkou jsou nejv\u00edce ohro\u017eeni ti, jejich bl\u00edzc\u00ed cukrovku ji\u017e maj\u00ed, ob\u00e9zn\u00ed osoby, konzumuj\u00ed hodn\u011b tu\u010dn\u00e1 a sladk\u00e1 j\u00eddla, miluj\u00ed uzeniny, pa\u0161tiky, hamburgery a neum\u011bn\u00ed pracovat se stresem.<\/p>\n          <p>Ro\u010dn\u011b je v \u010cesku diagnostikov\u00e1na v\u00edce ne\u017e 30 tis\u00edc\u016fm. Za posledn\u00edch 20 let narostl po\u010det osob s diabetem o 68 %.<\/p>\n          <p>V sou\u010dasn\u00e9 dob\u011b se s cukrovkou l\u00e9\u010d\u00ed v\u00edce ne\u017e 900 tis\u00edc lid\u00ed a v\u00edce ne\u017e 250 tis\u00edc o sv\u00e9 nemoci nev\u00ed. N\u011bkdo o sv\u00e9 nemoci nev\u00ed, proto\u017ee nem\u00e1 o nemoci \u017e\u00e1dn\u00e9 informace, nezn\u00e1 p\u0159\u00edznaky ani projevy. A nutno tak\u00e9 rozli\u0161it, o jak\u00fd typ cukrovky se jedn\u00e1!<\/p>\n        <\/div>\n      <\/div>\n    <\/section>\n    <section class=\"u-clearfix u-section-3\" id=\"sec-ab1d\">\n      <div class=\"u-clearfix u-sheet u-sheet-1\">\n        <p class=\"u-text u-text-default u-text-1\"> Pro jedince s diabetem je nezbytn\u00e9 m\u00edt p\u0159\u00edstup k d\u016fv\u011bryhodn\u00fdm a spolehliv\u00fdm zdroj\u016fm.&nbsp; &nbsp;Centra pro kontrolu a prevenci nemoc\u00ed nab\u00edz\u00ed zdroje o prevenci, l\u00e9\u010db\u011b a v\u00fdzkumu diabetu. Tyto zdroje mohou pomoci jedinc\u016fm s diabetem zvl\u00e1dnout jejich stav, p\u0159edch\u00e1zet komplikac\u00edm a zlep\u0161it jejich celkov\u00fd zdravotn\u00ed stav.<\/p>\n      <\/div>\n    <\/section>\n    \n    \n  \n","protected":false},"excerpt":{"rendered":"<p>Cukrovka \u2013 diabetes mellitus Diabetes je chronick\u00e9 onemocn\u011bn\u00ed charakterizovan\u00e9 vysokou hladinou gluk\u00f3zy v krvi. Diabetes 1. typu nast\u00e1v\u00e1, kdy\u017e imunitn\u00ed syst\u00e9m t\u011bla napad\u00e1 a ni\u010d\u00ed bu\u0148ky ve slinivce b\u0159i\u0161n\u00ed, kter\u00e9 produkuj\u00ed inzul\u00edn, kter\u00fd reguluje hladinu cukru v krvi. Tento typ se obvykle vyv\u00edj\u00ed v d\u011btstv\u00ed nebo dosp\u00edv\u00e1n\u00ed. Diabetes 2. typu nast\u00e1v\u00e1, kdy\u017e se t\u011blo stane &hellip; <a href=\"https:\/\/klubdiabetikuzlin.cz\/index.php\/diabetes\/\" class=\"more-link\">Continue reading<span class=\"screen-reader-text\"> &#8222;DIABETES&#8220;<\/span><\/a><\/p>\n","protected":false},"author":1,"featured_media":0,"parent":0,"menu_order":0,"comment_status":"closed","ping_status":"closed","template":"","meta":{"footnotes":""},"class_list":["post-257","page","type-page","status-publish","hentry"],"_links":{"self":[{"href":"https:\/\/klubdiabetikuzlin.cz\/index.php\/wp-json\/wp\/v2\/pages\/257","targetHints":{"allow":["GET"]}}],"collection":[{"href":"https:\/\/klubdiabetikuzlin.cz\/index.php\/wp-json\/wp\/v2\/pages"}],"about":[{"href":"https:\/\/klubdiabetikuzlin.cz\/index.php\/wp-json\/wp\/v2\/types\/page"}],"author":[{"embeddable":true,"href":"https:\/\/klubdiabetikuzlin.cz\/index.php\/wp-json\/wp\/v2\/users\/1"}],"replies":[{"embeddable":true,"href":"https:\/\/klubdiabetikuzlin.cz\/index.php\/wp-json\/wp\/v2\/comments?post=257"}],"version-history":[{"count":5,"href":"https:\/\/klubdiabetikuzlin.cz\/index.php\/wp-json\/wp\/v2\/pages\/257\/revisions"}],"predecessor-version":[{"id":482,"href":"https:\/\/klubdiabetikuzlin.cz\/index.php\/wp-json\/wp\/v2\/pages\/257\/revisions\/482"}],"wp:attachment":[{"href":"https:\/\/klubdiabetikuzlin.cz\/index.php\/wp-json\/wp\/v2\/media?parent=257"}],"curies":[{"name":"wp","href":"https:\/\/api.w.org\/{rel}","templated":true}]}}