{"id":236,"date":"2023-04-07T15:14:12","date_gmt":"2023-04-07T13:14:12","guid":{"rendered":"https:\/\/klubdiabetikuzlin.cz\/index.php\/events-template\/"},"modified":"2023-08-16T21:31:45","modified_gmt":"2023-08-16T19:31:45","slug":"events-template","status":"publish","type":"page","link":"https:\/\/klubdiabetikuzlin.cz\/index.php\/events-template\/","title":{"rendered":"Nejnov\u011bj\u0161\u00ed p\u0159\u00edsp\u011bvky"},"content":{"rendered":"","protected":false},"excerpt":{"rendered":"","protected":false},"author":1,"featured_media":0,"parent":0,"menu_order":0,"comment_status":"closed","ping_status":"closed","template":"","meta":{"footnotes":""},"class_list":["post-236","page","type-page","status-publish","hentry"],"_links":{"self":[{"href":"https:\/\/klubdiabetikuzlin.cz\/index.php\/wp-json\/wp\/v2\/pages\/236","targetHints":{"allow":["GET"]}}],"collection":[{"href":"https:\/\/klubdiabetikuzlin.cz\/index.php\/wp-json\/wp\/v2\/pages"}],"about":[{"href":"https:\/\/klubdiabetikuzlin.cz\/index.php\/wp-json\/wp\/v2\/types\/page"}],"author":[{"embeddable":true,"href":"https:\/\/klubdiabetikuzlin.cz\/index.php\/wp-json\/wp\/v2\/users\/1"}],"replies":[{"embeddable":true,"href":"https:\/\/klubdiabetikuzlin.cz\/index.php\/wp-json\/wp\/v2\/comments?post=236"}],"version-history":[{"count":1,"href":"https:\/\/klubdiabetikuzlin.cz\/index.php\/wp-json\/wp\/v2\/pages\/236\/revisions"}],"predecessor-version":[{"id":985,"href":"https:\/\/klubdiabetikuzlin.cz\/index.php\/wp-json\/wp\/v2\/pages\/236\/revisions\/985"}],"wp:attachment":[{"href":"https:\/\/klubdiabetikuzlin.cz\/index.php\/wp-json\/wp\/v2\/media?parent=236"}],"curies":[{"name":"wp","href":"https:\/\/api.w.org\/{rel}","templated":true}]}}