{"id":219,"date":"2023-04-07T14:30:18","date_gmt":"2023-04-07T12:30:18","guid":{"rendered":"https:\/\/klubdiabetikuzlin.cz\/index.php\/kontakt\/"},"modified":"2023-07-07T20:42:38","modified_gmt":"2023-07-07T18:42:38","slug":"kontakt","status":"publish","type":"page","link":"https:\/\/klubdiabetikuzlin.cz\/index.php\/kontakt\/","title":{"rendered":"Kontakty"},"content":{"rendered":"\n    \n    <section class=\"u-align-center u-clearfix u-white u-section-2\" id=\"carousel_86b1\">\n      <div class=\"u-clearfix u-sheet u-sheet-1\">\n        <div class=\"u-clearfix u-expanded-width u-gutter-0 u-layout-wrap u-layout-wrap-1\">\n          <div class=\"u-layout\">\n            <div class=\"u-layout-row\">\n              <div class=\"u-align-left u-container-style u-grey-5 u-layout-cell u-size-32 u-layout-cell-1\">\n                <div class=\"u-container-layout u-valign-top u-container-layout-1\">\n                  <div class=\"u-expanded-width u-grey-10 u-map u-map-1\">\n                    <div class=\"embed-responsive\">\n                      <iframe class=\"embed-responsive-item\" src=\"https:\/\/maps.google.com\/maps?output=embed&amp;q=Podvesn%C3%A1%20XIV%205922&amp;t=m\" data-map=\"JTdCJTIyYWRkcmVzcyUyMiUzQSUyMlBvZHZlc24lQzMlQTElMjBYSVYlMjA1OTIyJTIyJTJDJTIyem9vbSUyMiUzQW51bGwlMkMlMjJ0eXBlSWQlMjIlM0ElMjJyb2FkJTIyJTJDJTIybGFuZyUyMiUzQW51bGwlMkMlMjJhcGlLZXklMjIlM0FudWxsJTJDJTIybWFya2VycyUyMiUzQSU1QiU1RCU3RA==\"><\/iframe>\n                    <\/div>\n                  <\/div>\n                <\/div>\n              <\/div>\n              <div class=\"u-container-style u-gradient u-layout-cell u-size-28 u-layout-cell-2\">\n                <div class=\"u-container-layout u-container-layout-2\">\n                  <h2 class=\"u-align-center u-text u-text-default u-text-1\">Kontakt<\/h2>\n                  <h5 class=\"u-align-center u-text u-text-2\"> Svaz diabetik\u016f \u010cR,&nbsp; pobo\u010dn\u00fd spolek Zl\u00edn<br>\n                    <br>Helena Tr\u00e1vn\u00ed\u010dkov\u00e1<br>p\u0159edseda klubu Zl\u00edn<br>\n                  <\/h5>\n                  <div class=\"u-align-center u-border-1 u-border-palette-3-dark-1 u-line u-line-horizontal u-line-1\"><\/div>\n                  <h4 class=\"u-align-center u-text u-text-3\" data-lang-cs=\"Sample Headline\">Napi\u0161te N\u00e1m&nbsp;<\/h4>\n                  <div class=\"u-form u-form-1\">\n                    <form action=\"https:\/\/forms.nicepagesrv.com\/v2\/form\/process\" class=\"u-clearfix u-form-spacing-10 u-form-vertical u-inner-form\" source=\"email\" name=\"form\" style=\"padding: 10px;\">\n                      <div class=\"u-form-group u-form-name\">\n                        <label for=\"name-2289\" class=\"u-label\">Jm\u00e9no<\/label>\n                        <input type=\"text\" id=\"name-2289\" name=\"name\" class=\"u-input u-input-rectangle\" required=\"\">\n                      <\/div>\n                      <div class=\"u-form-email u-form-group\">\n                        <label for=\"email-2289\" class=\"u-label\">V\u00e1\u0161 e-mail<\/label>\n                        <input type=\"email\" id=\"email-2289\" name=\"email\" class=\"u-input u-input-rectangle\" required=\"\">\n                      <\/div>\n                      <div class=\"u-form-group u-form-message\">\n                        <label for=\"message-2289\" class=\"u-label\">Va\u0161e zpr\u00e1va<\/label>\n                        <textarea rows=\"4\" cols=\"50\" id=\"message-2289\" name=\"message\" class=\"u-input u-input-rectangle\" required=\"\"><\/textarea>\n                      <\/div>\n                      <div class=\"u-align-left u-form-group u-form-submit\">\n                        <a href=\"#\" class=\"u-btn u-btn-submit u-button-style\">Odeslat<\/a>\n                        <input type=\"submit\" value=\"submit\" class=\"u-form-control-hidden\">\n                      <\/div>\n                      <div class=\"u-form-send-message u-form-send-success\"> Thank you! Your message has been sent. <\/div>\n                      <div class=\"u-form-send-error u-form-send-message\"> Unable to send your message. Please fix errors then try again. <\/div>\n                      <input type=\"hidden\" value=\"\" name=\"recaptchaResponse\">\n                      <input type=\"hidden\" name=\"formServices\" value=\"515f0d7d26c8dd6014ca400f38e447af;315441e0-a1ce-801a-8a7c-ab9dc2452d0c\">\n                    <\/form>\n                  <\/div>\n                <\/div>\n              <\/div>\n            <\/div>\n          <\/div>\n        <\/div>\n      <\/div>\n    <\/section>\n    \n    \n  \n","protected":false},"excerpt":{"rendered":"<p>Kontakt Svaz diabetik\u016f \u010cR,&nbsp; pobo\u010dn\u00fd spolek Zl\u00edn Helena Tr\u00e1vn\u00ed\u010dkov\u00e1p\u0159edseda klubu Zl\u00edn Napi\u0161te N\u00e1m&nbsp; Jm\u00e9no V\u00e1\u0161 e-mail Va\u0161e zpr\u00e1va Odeslat Thank you! Your message has been sent. Unable to send your message. Please fix errors then try again.<\/p>\n","protected":false},"author":1,"featured_media":0,"parent":0,"menu_order":2,"comment_status":"closed","ping_status":"closed","template":"","meta":{"footnotes":""},"class_list":["post-219","page","type-page","status-publish","hentry"],"_links":{"self":[{"href":"https:\/\/klubdiabetikuzlin.cz\/index.php\/wp-json\/wp\/v2\/pages\/219","targetHints":{"allow":["GET"]}}],"collection":[{"href":"https:\/\/klubdiabetikuzlin.cz\/index.php\/wp-json\/wp\/v2\/pages"}],"about":[{"href":"https:\/\/klubdiabetikuzlin.cz\/index.php\/wp-json\/wp\/v2\/types\/page"}],"author":[{"embeddable":true,"href":"https:\/\/klubdiabetikuzlin.cz\/index.php\/wp-json\/wp\/v2\/users\/1"}],"replies":[{"embeddable":true,"href":"https:\/\/klubdiabetikuzlin.cz\/index.php\/wp-json\/wp\/v2\/comments?post=219"}],"version-history":[{"count":6,"href":"https:\/\/klubdiabetikuzlin.cz\/index.php\/wp-json\/wp\/v2\/pages\/219\/revisions"}],"predecessor-version":[{"id":813,"href":"https:\/\/klubdiabetikuzlin.cz\/index.php\/wp-json\/wp\/v2\/pages\/219\/revisions\/813"}],"wp:attachment":[{"href":"https:\/\/klubdiabetikuzlin.cz\/index.php\/wp-json\/wp\/v2\/media?parent=219"}],"curies":[{"name":"wp","href":"https:\/\/api.w.org\/{rel}","templated":true}]}}