{"id":166,"date":"2023-03-20T10:39:18","date_gmt":"2023-03-20T09:39:18","guid":{"rendered":"https:\/\/klubdiabetikuzlin.cz\/?page_id=166"},"modified":"2023-08-13T12:07:43","modified_gmt":"2023-08-13T10:07:43","slug":"dia-recepty","status":"publish","type":"page","link":"https:\/\/klubdiabetikuzlin.cz\/index.php\/dia-recepty\/","title":{"rendered":"DIA recepty"},"content":{"rendered":"\n    \n    <section class=\"u-align-center u-clearfix u-section-2\" id=\"sec-e704\">\n      <div class=\"u-align-left u-clearfix u-sheet u-sheet-1\">\n        <div class=\"u-align-center u-clearfix u-group-elements u-group-elements-1\">\n          <div class=\"u-expanded u-shape u-shape-svg u-text-palette-3-base\">\n            <svg class=\"u-svg-link\" preserveAspectRatio=\"none\" viewBox=\"0 0 160 120\" style=\"\"><use xlink:href=\"#svg-7379\"><\/use><\/svg>\n            <svg class=\"u-svg-content\" viewBox=\"0 0 160 120\" x=\"0px\" y=\"0px\" id=\"svg-7379\"><path d=\"M124.3,80.3c20.5-1.1,32-18.4,34.8-31.5c4.7-22.6-6.7-55.4-81.5-47.7c-124.8,12.7-75.1,145.7-16.9,114\n\tC99.9,93.7,86.4,82.3,124.3,80.3z\"><\/path><\/svg>\n          <\/div>\n          <h1 class=\"u-align-center u-text u-text-body-alt-color u-text-1\">Dia Recepty<\/h1>\n        <\/div>\n        <div class=\"u-expanded-width u-list u-list-1\">\n          <div class=\"u-repeater u-repeater-1\">\n            <div class=\"u-container-style u-list-item u-repeater-item u-list-item-1\" data-href=\"https:\/\/klubdiabetikuzlin.cz\/index.php\/snidane\/\" title=\"Sn\u00eddan\u011b\">\n              <div class=\"u-container-layout u-similar-container u-container-layout-1\"><span class=\"u-file-icon u-icon u-icon-1\"><img decoding=\"async\" src=\"https:\/\/klubdiabetikuzlin.cz\/wp-content\/uploads\/2023\/07\/2652642.png\" alt=\"\"><\/span>\n                <h3 class=\"u-align-center u-text u-text-default u-text-2\">Sn\u00eddan\u011b<\/h3>\n              <\/div>\n            <\/div>\n            <div class=\"u-align-center u-container-style u-list-item u-repeater-item u-list-item-2\" data-href=\"https:\/\/klubdiabetikuzlin.cz\/index.php\/dopoledni-svacinky\/\" title=\"Dopoledn\u00ed sva\u010dinky\">\n              <div class=\"u-container-layout u-similar-container u-container-layout-2\"><span class=\"u-file-icon u-icon u-icon-2\"><img decoding=\"async\" src=\"https:\/\/klubdiabetikuzlin.cz\/wp-content\/uploads\/2023\/07\/601984.png\" alt=\"\"><\/span>\n                <h3 class=\"u-align-center u-text u-text-default u-text-3\">Dopoledn\u00ed sva\u010dinky<\/h3>\n              <\/div>\n            <\/div>\n            <div class=\"u-container-style u-list-item u-repeater-item u-list-item-3\" data-href=\"https:\/\/klubdiabetikuzlin.cz\/index.php\/hlavni-jidlo\/\" title=\"Hlavn\u00ed j\u00eddlo\">\n              <div class=\"u-container-layout u-similar-container u-container-layout-3\"><span class=\"u-file-icon u-icon u-icon-3\"><img decoding=\"async\" src=\"https:\/\/klubdiabetikuzlin.cz\/wp-content\/uploads\/2023\/07\/2771460.png\" alt=\"\"><\/span>\n                <h3 class=\"u-align-center u-text u-text-default u-text-4\">Hlavn\u00ed j\u00eddlo<\/h3>\n              <\/div>\n            <\/div>\n            <div class=\"u-container-style u-list-item u-repeater-item u-list-item-4\" data-href=\"https:\/\/klubdiabetikuzlin.cz\/index.php\/odpoledni-svacinky\/\" title=\"Odpoledn\u00ed sva\u010dinky\">\n              <div class=\"u-container-layout u-similar-container u-container-layout-4\"><span class=\"u-file-icon u-icon u-icon-4\"><img decoding=\"async\" src=\"https:\/\/klubdiabetikuzlin.cz\/wp-content\/uploads\/2023\/07\/2329903.png\" alt=\"\"><\/span>\n                <h3 class=\"u-align-center u-text u-text-default u-text-5\">Odpoledn\u00ed sva\u010dinky<\/h3>\n              <\/div>\n            <\/div>\n            <div class=\"u-container-style u-list-item u-repeater-item u-list-item-5\" data-href=\"https:\/\/klubdiabetikuzlin.cz\/index.php\/vecere\/\" title=\"Ve\u010de\u0159e\">\n              <div class=\"u-container-layout u-similar-container u-container-layout-5\"><span class=\"u-file-icon u-icon u-icon-5\"><img decoding=\"async\" src=\"https:\/\/klubdiabetikuzlin.cz\/wp-content\/uploads\/2023\/07\/3274127.png\" alt=\"\"><\/span>\n                <h3 class=\"u-align-center u-text u-text-default u-text-6\">Ve\u010de\u0159e<\/h3>\n              <\/div>\n            <\/div>\n          <\/div>\n        <\/div>\n      <\/div>\n    <\/section>\n    <section class=\"u-clearfix u-section-3\" id=\"sec-3228\">\n      <div class=\"u-clearfix u-sheet u-sheet-1\">\n        <div class=\"u-blog u-expanded-width u-blog-1 u-hidden-visibility\" >\n          <div class=\"u-repeater u-repeater-1\">\n            <div class=\"u-align-center u-blog-post u-border-1 u-border-palette-1-base u-container-style u-radius-17 u-repeater-item u-shape-round\">\n              <div class=\"u-container-layout u-similar-container u-container-layout-1\">\n                <h2 class=\"u-blog-control u-text u-text-1\" data-lang-cs=\"\n            <a class=&quot;u-post-header-link&quot; href=&quot;https:\/\/klubdiabetikuzlin.cz\/index.php\/bulgur-se-zelenymi-fazolkami\/&quot;>Bulgur se zelen\u00fdmi fazolkami<\/a>\n          \">\n                  <a class=\"u-post-header-link\" href=\"https:\/\/klubdiabetikuzlin.cz\/index.php\/cizrnovy-gulas-se-zeleninou\/\">Cizrnov\u00fd gul\u00e1\u0161 se zeleninou<\/a>\n                <\/h2><a class=\"u-blog-control u-image u-image-default u-image-1\" href=\"https:\/\/klubdiabetikuzlin.cz\/index.php\/cizrnovy-gulas-se-zeleninou\/\">\n                <img decoding=\"async\" class=\"u-blog-control u-image u-image-default u-image-1\" src=\"https:\/\/klubdiabetikuzlin.cz\/wp-content\/uploads\/2023\/06\/20230612-cizrnovy-gulas-3.jpg\" alt=\"\" data-image-width=\"2000\" data-image-height=\"1333\" data-lang-cs=\"\"><\/a>\n                <div class=\"u-blog-control u-post-content u-text u-text-2\" data-lang-cs=\"<p>\nSuroviny 1 porce:\n 4 l\u017e\u00edce bulguru,\nhrst zeln\u00fdch fazolek\n1\/2 mal\u00e9 cibule\n1 strou\u017eek \u010desneku\ns\u016fl, pep\u0159, tymi\u00e1n, v\u00fdvar\ntosk\u00e1nsk\u00e9 \u2026<\/p>\">Vhodn\u00fd na ob\u011bd i ve\u010de\u0159i <\/div>\n                <a href=\"https:\/\/klubdiabetikuzlin.cz\/index.php\/cizrnovy-gulas-se-zeleninou\/\" class=\"u-blog-control u-btn u-button-style u-hover-palette-1-dark-1 u-palette-1-base u-btn-1\" data-lang-cs=\"{\"content\":\"\u010c\u00edst d\u00e1l\",\"href\":\"https:\/\/klubdiabetikuzlin.cz\/index.php\/bulgur-se-zelenymi-fazolkami\/\"}\">\u010c\u00edst d\u00e1l<\/a>\n              <\/div>\n            <\/div>\n            <div class=\"u-align-center u-blog-post u-border-1 u-border-palette-1-base u-container-style u-radius-17 u-repeater-item u-shape-round\">\n              <div class=\"u-container-layout u-similar-container u-container-layout-2\">\n                <h2 class=\"u-blog-control u-text u-text-3\" data-lang-cs=\"\n            <a class=&quot;u-post-header-link&quot; href=&quot;https:\/\/klubdiabetikuzlin.cz\/index.php\/cizrnovy-gulas-se-zeleninou\/&quot;>Cizrnov\u00fd gul\u00e1\u0161 se zeleninou<\/a>\n          \">\n                  <a class=\"u-post-header-link\" href=\"https:\/\/klubdiabetikuzlin.cz\/index.php\/salat-z-cerne-cocky\/\">Sal\u00e1t z \u010dern\u00e9 \u010do\u010dky<\/a>\n                <\/h2><a class=\"u-blog-control u-image u-image-default u-image-2\" href=\"https:\/\/klubdiabetikuzlin.cz\/index.php\/salat-z-cerne-cocky\/\">\n                <img decoding=\"async\" class=\"u-blog-control u-image u-image-default u-image-2\" src=\"https:\/\/klubdiabetikuzlin.cz\/wp-content\/uploads\/2023\/08\/salat-z-cerne-cocky-s-rajcaty-web.jpg\" alt=\"\" data-image-width=\"2000\" data-image-height=\"1333\" data-lang-cs=\"\"><\/a>\n                <div class=\"u-blog-control u-post-content u-text u-text-4\" data-lang-cs=\"<p>\nSuroviny 1 porce: 3 l\u017e\u00edce cizrny ( sterilovan\u00e9 nebo uva\u0159en\u00e9), \n1 strou\u017eek \u010desneku\n1\/2 men\u0161\u00ed cibule\n2 st\u0159edn\u00ed brambory\n1\/2  men\u0161\u00ed mrkve\n\u2026<\/p>\">v\u00fdborn\u00e1 ve\u010de\u0159e<\/div>\n                <a href=\"https:\/\/klubdiabetikuzlin.cz\/index.php\/salat-z-cerne-cocky\/\" class=\"u-blog-control u-btn u-button-style u-hover-palette-1-dark-1 u-palette-1-base u-btn-2\" data-lang-cs=\"{\"content\":\"\u010c\u00edst d\u00e1l\",\"href\":\"https:\/\/klubdiabetikuzlin.cz\/index.php\/cizrnovy-gulas-se-zeleninou\/\"}\">\u010c\u00edst d\u00e1l<\/a>\n              <\/div>\n            <\/div>\n            <div class=\"u-align-center u-blog-post u-border-1 u-border-palette-1-base u-container-style u-radius-17 u-repeater-item u-shape-round\">\n              <div class=\"u-container-layout u-similar-container u-container-layout-3\">\n                <h2 class=\"u-blog-control u-text u-text-5\" data-lang-cs=\"\n            <a class=&quot;u-post-header-link&quot; href=&quot;https:\/\/klubdiabetikuzlin.cz\/index.php\/556\/&quot;>Pohankov\u00e1 pol\u00e9vka s bramborem<\/a>\n          \">\n                  <a class=\"u-post-header-link\" href=\"https:\/\/klubdiabetikuzlin.cz\/index.php\/cockovy-salat-s-jablky\/\">\u010co\u010dkov\u00fd sal\u00e1t s jablky<\/a>\n                <\/h2><a class=\"u-blog-control u-image u-image-default u-image-3\" href=\"https:\/\/klubdiabetikuzlin.cz\/index.php\/cockovy-salat-s-jablky\/\">\n                <img decoding=\"async\" class=\"u-blog-control u-image u-image-default u-image-3\" src=\"https:\/\/klubdiabetikuzlin.cz\/wp-content\/uploads\/2023\/08\/hneda-cocka.jpg\" alt=\"\" data-image-width=\"2000\" data-image-height=\"1333\" data-lang-cs=\"\"><\/a>\n                <div class=\"u-blog-control u-post-content u-text u-text-6\" data-lang-cs=\"V\u00fdborn\u00e1 pohankov\u00e1 pol\u00e9vka.\">jako odpoledn\u00ed sva\u010dinka<\/div>\n                <a href=\"https:\/\/klubdiabetikuzlin.cz\/index.php\/cockovy-salat-s-jablky\/\" class=\"u-blog-control u-btn u-button-style u-hover-palette-1-dark-1 u-palette-1-base u-btn-3\" data-lang-cs=\"{\"content\":\"\u010c\u00edst d\u00e1l\",\"href\":\"https:\/\/klubdiabetikuzlin.cz\/index.php\/556\/\"}\">\u010c\u00edst d\u00e1l<\/a>\n              <\/div>\n            <\/div>\n            <div class=\"u-align-center u-blog-post u-border-1 u-border-palette-1-base u-container-style u-radius-17 u-repeater-item u-shape-round\">\n              <div class=\"u-container-layout u-similar-container u-container-layout-1\">\n                <h2 class=\"u-blog-control u-text u-text-1\" data-lang-cs=\"\n            <a class=&quot;u-post-header-link&quot; href=&quot;https:\/\/klubdiabetikuzlin.cz\/index.php\/bulgur-se-zelenymi-fazolkami\/&quot;>Bulgur se zelen\u00fdmi fazolkami<\/a>\n          \">\n                  <a class=\"u-post-header-link\" href=\"https:\/\/klubdiabetikuzlin.cz\/index.php\/cockovy-salat-s-kvetakem\/\">\u010co\u010dkov\u00fd sal\u00e1t s kv\u011bt\u00e1kem<\/a>\n                <\/h2><a class=\"u-blog-control u-image u-image-default u-image-1\" href=\"https:\/\/klubdiabetikuzlin.cz\/index.php\/cockovy-salat-s-kvetakem\/\">\n                <img decoding=\"async\" class=\"u-blog-control u-image u-image-default u-image-1\" src=\"https:\/\/klubdiabetikuzlin.cz\/wp-content\/uploads\/2023\/08\/cocka-hneda-2.jpg\" alt=\"\" data-image-width=\"2000\" data-image-height=\"1333\" data-lang-cs=\"\"><\/a>\n                <div class=\"u-blog-control u-post-content u-text u-text-2\" data-lang-cs=\"<p>\nSuroviny 1 porce:\n 4 l\u017e\u00edce bulguru,\nhrst zeln\u00fdch fazolek\n1\/2 mal\u00e9 cibule\n1 strou\u017eek \u010desneku\ns\u016fl, pep\u0159, tymi\u00e1n, v\u00fdvar\ntosk\u00e1nsk\u00e9 \u2026<\/p>\">vhodn\u00e9 jako odpoledn\u00ed sva\u010dinka, nebo s p\u0159\u00edlohou jako ob\u011bd<\/div>\n                <a href=\"https:\/\/klubdiabetikuzlin.cz\/index.php\/cockovy-salat-s-kvetakem\/\" class=\"u-blog-control u-btn u-button-style u-hover-palette-1-dark-1 u-palette-1-base u-btn-1\" data-lang-cs=\"{\"content\":\"\u010c\u00edst d\u00e1l\",\"href\":\"https:\/\/klubdiabetikuzlin.cz\/index.php\/bulgur-se-zelenymi-fazolkami\/\"}\">\u010c\u00edst d\u00e1l<\/a>\n              <\/div>\n            <\/div>\n            <div class=\"u-align-center u-blog-post u-border-1 u-border-palette-1-base u-container-style u-radius-17 u-repeater-item u-shape-round\">\n              <div class=\"u-container-layout u-similar-container u-container-layout-2\">\n                <h2 class=\"u-blog-control u-text u-text-3\" data-lang-cs=\"\n            <a class=&quot;u-post-header-link&quot; href=&quot;https:\/\/klubdiabetikuzlin.cz\/index.php\/cizrnovy-gulas-se-zeleninou\/&quot;>Cizrnov\u00fd gul\u00e1\u0161 se zeleninou<\/a>\n          \">\n                  <a class=\"u-post-header-link\" href=\"https:\/\/klubdiabetikuzlin.cz\/index.php\/tunakova-pomazanka\/\">Tu\u0148\u00e1kov\u00e1 pomaz\u00e1nka<\/a>\n                <\/h2><a class=\"u-blog-control u-image u-image-default u-image-2\" href=\"https:\/\/klubdiabetikuzlin.cz\/index.php\/tunakova-pomazanka\/\">\n                <img decoding=\"async\" class=\"u-blog-control u-image u-image-default u-image-2\" src=\"https:\/\/klubdiabetikuzlin.cz\/wp-content\/uploads\/2023\/08\/20230610-tunakova-pomazanka-se-zeleninou-a-spaldovy-chleba-web-rotated.jpg\" alt=\"\" data-image-width=\"2000\" data-image-height=\"1333\" data-lang-cs=\"\"><\/a>\n                <div class=\"u-blog-control u-post-content u-text u-text-4\" data-lang-cs=\"<p>\nSuroviny 1 porce: 3 l\u017e\u00edce cizrny ( sterilovan\u00e9 nebo uva\u0159en\u00e9), \n1 strou\u017eek \u010desneku\n1\/2 men\u0161\u00ed cibule\n2 st\u0159edn\u00ed brambory\n1\/2  men\u0161\u00ed mrkve\n\u2026<\/p>\">rybu aspo\u0148 2 x t\u00fddn\u011b \ud83d\ude42<\/div>\n                <a href=\"https:\/\/klubdiabetikuzlin.cz\/index.php\/tunakova-pomazanka\/\" class=\"u-blog-control u-btn u-button-style u-hover-palette-1-dark-1 u-palette-1-base u-btn-2\" data-lang-cs=\"{\"content\":\"\u010c\u00edst d\u00e1l\",\"href\":\"https:\/\/klubdiabetikuzlin.cz\/index.php\/cizrnovy-gulas-se-zeleninou\/\"}\">\u010c\u00edst d\u00e1l<\/a>\n              <\/div>\n            <\/div>\n            <div class=\"u-align-center u-blog-post u-border-1 u-border-palette-1-base u-container-style u-radius-17 u-repeater-item u-shape-round\">\n              <div class=\"u-container-layout u-similar-container u-container-layout-3\">\n                <h2 class=\"u-blog-control u-text u-text-5\" data-lang-cs=\"\n            <a class=&quot;u-post-header-link&quot; href=&quot;https:\/\/klubdiabetikuzlin.cz\/index.php\/556\/&quot;>Pohankov\u00e1 pol\u00e9vka s bramborem<\/a>\n          \">\n                  <a class=\"u-post-header-link\" href=\"https:\/\/klubdiabetikuzlin.cz\/index.php\/jogurtovy-dezert-s-boruvkami\/\">Jogurtov\u00fd dezert s bor\u016fvkami<\/a>\n                <\/h2><a class=\"u-blog-control u-image u-image-default u-image-3\" href=\"https:\/\/klubdiabetikuzlin.cz\/index.php\/jogurtovy-dezert-s-boruvkami\/\">\n                <img decoding=\"async\" class=\"u-blog-control u-image u-image-default u-image-3\" src=\"https:\/\/klubdiabetikuzlin.cz\/wp-content\/uploads\/2023\/08\/20230709-recky-vlaknina-jablecna-cokoprotein-boruvky-scaled.jpg\" alt=\"\" data-image-width=\"2000\" data-image-height=\"1333\" data-lang-cs=\"\"><\/a>\n                <div class=\"u-blog-control u-post-content u-text u-text-6\" data-lang-cs=\"V\u00fdborn\u00e1 pohankov\u00e1 pol\u00e9vka.\">jemn\u00fd dopoledn\u00ed dezert <\/div>\n                <a href=\"https:\/\/klubdiabetikuzlin.cz\/index.php\/jogurtovy-dezert-s-boruvkami\/\" class=\"u-blog-control u-btn u-button-style u-hover-palette-1-dark-1 u-palette-1-base u-btn-3\" data-lang-cs=\"{\"content\":\"\u010c\u00edst d\u00e1l\",\"href\":\"https:\/\/klubdiabetikuzlin.cz\/index.php\/556\/\"}\">\u010c\u00edst d\u00e1l<\/a>\n              <\/div>\n            <\/div>\n            <div class=\"u-align-center u-blog-post u-border-1 u-border-palette-1-base u-container-style u-radius-17 u-repeater-item u-shape-round\">\n              <div class=\"u-container-layout u-similar-container u-container-layout-1\">\n                <h2 class=\"u-blog-control u-text u-text-1\" data-lang-cs=\"\n            <a class=&quot;u-post-header-link&quot; href=&quot;https:\/\/klubdiabetikuzlin.cz\/index.php\/bulgur-se-zelenymi-fazolkami\/&quot;>Bulgur se zelen\u00fdmi fazolkami<\/a>\n          \">\n                  <a class=\"u-post-header-link\" href=\"https:\/\/klubdiabetikuzlin.cz\/index.php\/vajickova-pomazanka\/\">Vaj\u00ed\u010dkov\u00e1 pomaz\u00e1nka<\/a>\n                <\/h2><a class=\"u-blog-control u-image u-image-default u-image-1\" href=\"https:\/\/klubdiabetikuzlin.cz\/index.php\/vajickova-pomazanka\/\">\n                <img decoding=\"async\" class=\"u-blog-control u-image u-image-default u-image-1\" src=\"https:\/\/klubdiabetikuzlin.cz\/wp-content\/uploads\/2023\/08\/vajickova-pomazanka-2.jpg\" alt=\"\" data-image-width=\"2000\" data-image-height=\"1333\" data-lang-cs=\"\"><\/a>\n                <div class=\"u-blog-control u-post-content u-text u-text-2\" data-lang-cs=\"<p>\nSuroviny 1 porce:\n 4 l\u017e\u00edce bulguru,\nhrst zeln\u00fdch fazolek\n1\/2 mal\u00e9 cibule\n1 strou\u017eek \u010desneku\ns\u016fl, pep\u0159, tymi\u00e1n, v\u00fdvar\ntosk\u00e1nsk\u00e9 \u2026<\/p>\">rychl\u00e1 sn\u00eddan\u011b nebo ve\u010de\u0159e<\/div>\n                <a href=\"https:\/\/klubdiabetikuzlin.cz\/index.php\/vajickova-pomazanka\/\" class=\"u-blog-control u-btn u-button-style u-hover-palette-1-dark-1 u-palette-1-base u-btn-1\" data-lang-cs=\"{\"content\":\"\u010c\u00edst d\u00e1l\",\"href\":\"https:\/\/klubdiabetikuzlin.cz\/index.php\/bulgur-se-zelenymi-fazolkami\/\"}\">\u010c\u00edst d\u00e1l<\/a>\n              <\/div>\n            <\/div>\n            <div class=\"u-align-center u-blog-post u-border-1 u-border-palette-1-base u-container-style u-radius-17 u-repeater-item u-shape-round\">\n              <div class=\"u-container-layout u-similar-container u-container-layout-2\">\n                <h2 class=\"u-blog-control u-text u-text-3\" data-lang-cs=\"\n            <a class=&quot;u-post-header-link&quot; href=&quot;https:\/\/klubdiabetikuzlin.cz\/index.php\/cizrnovy-gulas-se-zeleninou\/&quot;>Cizrnov\u00fd gul\u00e1\u0161 se zeleninou<\/a>\n          \">\n                  <a class=\"u-post-header-link\" href=\"https:\/\/klubdiabetikuzlin.cz\/index.php\/bulgur-se-zelenymi-fazolkami\/\">Bulgur se zelen\u00fdmi fazolkami<\/a>\n                <\/h2><a class=\"u-blog-control u-image u-image-default u-image-2\" href=\"https:\/\/klubdiabetikuzlin.cz\/index.php\/bulgur-se-zelenymi-fazolkami\/\">\n                <img decoding=\"async\" class=\"u-blog-control u-image u-image-default u-image-2\" src=\"https:\/\/klubdiabetikuzlin.cz\/wp-content\/uploads\/2023\/06\/20230614-bulur-se-zelenymai-fazolkami-a-toskanske-sojove-nudlicky-scaled.jpg\" alt=\"\" data-image-width=\"2000\" data-image-height=\"1333\" data-lang-cs=\"\"><\/a>\n                <div class=\"u-blog-control u-post-content u-text u-text-4\" data-lang-cs=\"<p>\nSuroviny 1 porce: 3 l\u017e\u00edce cizrny ( sterilovan\u00e9 nebo uva\u0159en\u00e9), \n1 strou\u017eek \u010desneku\n1\/2 men\u0161\u00ed cibule\n2 st\u0159edn\u00ed brambory\n1\/2  men\u0161\u00ed mrkve\n\u2026<\/p>\">bulgur se zelen\u00fdmi fazolkami s tosk\u00e1nsk\u00fdmi sojov\u00fdmi nudli\u010dkami<\/div>\n                <a href=\"https:\/\/klubdiabetikuzlin.cz\/index.php\/bulgur-se-zelenymi-fazolkami\/\" class=\"u-blog-control u-btn u-button-style u-hover-palette-1-dark-1 u-palette-1-base u-btn-2\" data-lang-cs=\"{\"content\":\"\u010c\u00edst d\u00e1l\",\"href\":\"https:\/\/klubdiabetikuzlin.cz\/index.php\/cizrnovy-gulas-se-zeleninou\/\"}\">\u010c\u00edst d\u00e1l<\/a>\n              <\/div>\n            <\/div>\n            <div class=\"u-align-center u-blog-post u-border-1 u-border-palette-1-base u-container-style u-radius-17 u-repeater-item u-shape-round\">\n              <div class=\"u-container-layout u-similar-container u-container-layout-3\">\n                <h2 class=\"u-blog-control u-text u-text-5\" data-lang-cs=\"\n            <a class=&quot;u-post-header-link&quot; href=&quot;https:\/\/klubdiabetikuzlin.cz\/index.php\/556\/&quot;>Pohankov\u00e1 pol\u00e9vka s bramborem<\/a>\n          \">\n                  <a class=\"u-post-header-link\" href=\"https:\/\/klubdiabetikuzlin.cz\/index.php\/556\/\">Pohankov\u00e1 pol\u00e9vka s bramborem<\/a>\n                <\/h2><a class=\"u-blog-control u-image u-image-default u-image-3\" href=\"https:\/\/klubdiabetikuzlin.cz\/index.php\/556\/\">\n                <img decoding=\"async\" class=\"u-blog-control u-image u-image-default u-image-3\" src=\"https:\/\/klubdiabetikuzlin.cz\/wp-content\/uploads\/2023\/06\/pohankova-polevka-50.jpg\" alt=\"\" data-image-width=\"2000\" data-image-height=\"1333\" data-lang-cs=\"\"><\/a>\n                <div class=\"u-blog-control u-post-content u-text u-text-6\" data-lang-cs=\"V\u00fdborn\u00e1 pohankov\u00e1 pol\u00e9vka.\">Dobr\u00e1 ve\u010de\u0159e<\/div>\n                <a href=\"https:\/\/klubdiabetikuzlin.cz\/index.php\/556\/\" class=\"u-blog-control u-btn u-button-style u-hover-palette-1-dark-1 u-palette-1-base u-btn-3\" data-lang-cs=\"{\"content\":\"\u010c\u00edst d\u00e1l\",\"href\":\"https:\/\/klubdiabetikuzlin.cz\/index.php\/556\/\"}\">\u010c\u00edst d\u00e1l<\/a>\n              <\/div>\n            <\/div>\n          <\/div>\n        <\/div>\n      <\/div>\n    <\/section>\n    \n    \n  \n","protected":false},"excerpt":{"rendered":"<p>Dia Recepty Sn\u00eddan\u011b Dopoledn\u00ed sva\u010dinky Hlavn\u00ed j\u00eddlo Odpoledn\u00ed sva\u010dinky Ve\u010de\u0159e Cizrnov\u00fd gul\u00e1\u0161 se zeleninou Vhodn\u00fd na ob\u011bd i ve\u010de\u0159i \u010c\u00edst d\u00e1l Sal\u00e1t z \u010dern\u00e9 \u010do\u010dky v\u00fdborn\u00e1 ve\u010de\u0159e \u010c\u00edst d\u00e1l \u010co\u010dkov\u00fd sal\u00e1t s jablky jako odpoledn\u00ed sva\u010dinka \u010c\u00edst d\u00e1l \u010co\u010dkov\u00fd sal\u00e1t s kv\u011bt\u00e1kem vhodn\u00e9 jako odpoledn\u00ed sva\u010dinka, nebo s p\u0159\u00edlohou jako ob\u011bd \u010c\u00edst d\u00e1l Tu\u0148\u00e1kov\u00e1 pomaz\u00e1nka &hellip; <a href=\"https:\/\/klubdiabetikuzlin.cz\/index.php\/dia-recepty\/\" class=\"more-link\">Continue reading<span class=\"screen-reader-text\"> &#8222;DIA recepty&#8220;<\/span><\/a><\/p>\n","protected":false},"author":1,"featured_media":0,"parent":0,"menu_order":0,"comment_status":"closed","ping_status":"closed","template":"","meta":{"footnotes":""},"class_list":["post-166","page","type-page","status-publish","hentry"],"_links":{"self":[{"href":"https:\/\/klubdiabetikuzlin.cz\/index.php\/wp-json\/wp\/v2\/pages\/166","targetHints":{"allow":["GET"]}}],"collection":[{"href":"https:\/\/klubdiabetikuzlin.cz\/index.php\/wp-json\/wp\/v2\/pages"}],"about":[{"href":"https:\/\/klubdiabetikuzlin.cz\/index.php\/wp-json\/wp\/v2\/types\/page"}],"author":[{"embeddable":true,"href":"https:\/\/klubdiabetikuzlin.cz\/index.php\/wp-json\/wp\/v2\/users\/1"}],"replies":[{"embeddable":true,"href":"https:\/\/klubdiabetikuzlin.cz\/index.php\/wp-json\/wp\/v2\/comments?post=166"}],"version-history":[{"count":13,"href":"https:\/\/klubdiabetikuzlin.cz\/index.php\/wp-json\/wp\/v2\/pages\/166\/revisions"}],"predecessor-version":[{"id":947,"href":"https:\/\/klubdiabetikuzlin.cz\/index.php\/wp-json\/wp\/v2\/pages\/166\/revisions\/947"}],"wp:attachment":[{"href":"https:\/\/klubdiabetikuzlin.cz\/index.php\/wp-json\/wp\/v2\/media?parent=166"}],"curies":[{"name":"wp","href":"https:\/\/api.w.org\/{rel}","templated":true}]}}